{"id":11842,"date":"2024-01-03T14:27:45","date_gmt":"2024-01-03T14:27:45","guid":{"rendered":"https:\/\/alfajrsaat.com\/product\/elegant-watch-wb-32-ladies-2\/"},"modified":"2024-01-03T14:28:37","modified_gmt":"2024-01-03T14:28:37","slug":"elegant-watch-wb-32-ladies-2","status":"publish","type":"product","link":"https:\/\/alfajrsaat.com\/tr\/product\/elegant-watch-wb-32-ladies-2\/","title":{"rendered":"Elegant Watch WB-32 Ladies"},"content":{"rendered":"<p>\u00c7ift Saat (Analog\/ Dijital). Plastik yuvarlak kasa.Aliminyum kay\u0131\u015f.Kristal FSTN LCD. Suya dayan\u0131kl\u0131<\/p>\n","protected":false},"excerpt":{"rendered":"<p>Dual Time (Analog \/Digital). Plastic Transparent Round Case. Aluminum Strap. Crystal FSTN LCD with Blue EL Back Light. Water-Resistant. Two years warranty. Case size 42 mm.<\/p>\n","protected":false},"featured_media":11823,"template":"","meta":[],"product_brand":[],"product_cat":[119,116],"product_tag":[],"class_list":{"0":"post-11842","1":"product","2":"type-product","3":"status-publish","4":"has-post-thumbnail","6":"product_cat-kadin-saatleri","7":"product_cat-kol-saati","9":"first","10":"instock","11":"taxable","12":"shipping-taxable","13":"purchasable","14":"product-type-simple"},"_links":{"self":[{"href":"https:\/\/alfajrsaat.com\/tr\/wp-json\/wp\/v2\/product\/11842","targetHints":{"allow":["GET"]}}],"collection":[{"href":"https:\/\/alfajrsaat.com\/tr\/wp-json\/wp\/v2\/product"}],"about":[{"href":"https:\/\/alfajrsaat.com\/tr\/wp-json\/wp\/v2\/types\/product"}],"wp:featuredmedia":[{"embeddable":true,"href":"https:\/\/alfajrsaat.com\/tr\/wp-json\/wp\/v2\/media\/11823"}],"wp:attachment":[{"href":"https:\/\/alfajrsaat.com\/tr\/wp-json\/wp\/v2\/media?parent=11842"}],"wp:term":[{"taxonomy":"product_brand","embeddable":true,"href":"https:\/\/alfajrsaat.com\/tr\/wp-json\/wp\/v2\/product_brand?post=11842"},{"taxonomy":"product_cat","embeddable":true,"href":"https:\/\/alfajrsaat.com\/tr\/wp-json\/wp\/v2\/product_cat?post=11842"},{"taxonomy":"product_tag","embeddable":true,"href":"https:\/\/alfajrsaat.com\/tr\/wp-json\/wp\/v2\/product_tag?post=11842"}],"curies":[{"name":"wp","href":"https:\/\/api.w.org\/{rel}","templated":true}]}}