{"id":11817,"date":"2024-01-03T13:47:08","date_gmt":"2024-01-03T13:47:08","guid":{"rendered":"https:\/\/alfajrsaat.com\/product\/%d8%b3%d8%a7%d8%b9%d8%a9-%d8%a8%d8%b1%d9%8a%d9%85%d9%8a%d8%b1-360-%d8%a7%d9%84%d9%86%d8%b3%d8%a7%d8%a6%d9%8a%d8%a9-%d8%ac%d9%84%d8%af\/"},"modified":"2024-01-03T14:09:35","modified_gmt":"2024-01-03T14:09:35","slug":"premier-360-bayan-deri","status":"publish","type":"product","link":"https:\/\/alfajrsaat.com\/tr\/product\/premier-360-bayan-deri\/","title":{"rendered":"Premier 360 Bayan Deri"},"content":{"rendered":"<h3><strong>\u00d6zellikler:<\/strong><\/h3>\n<ul>\n<li>Ezan Dizini \u00ae<\/li>\n<li>D\u00fcnya \u00e7ap\u0131nda namaz vakitleri<\/li>\n<li>K\u0131ble y\u00f6n\u00fc (Saat \u0130breleri arac\u0131l\u0131\u011f\u0131yla)<\/li>\n<li>G\u00fcnl\u00fck alarm ve dua alarmlar\u0131<\/li>\n<li>Arap\u00e7a\/\u0130ngilizce dili<\/li>\n<li>Hicri ve Gregoryen Takvimleri.<\/li>\n<li>Su ge\u00e7irmez<\/li>\n<li>Saat malzemesi: Paslanmaz \u00e7elik<\/li>\n<li>Bant malzemesi:\u00a0Deri<\/li>\n<li>Ekran tipi: Analog ve Dijital<\/li>\n<li>Garanti: 2 Y\u0131l<\/li>\n<\/ul>\n<h3>Boyutlar:<\/h3>\n<p>Model numaras\u0131: WG-28GL ve WG-28RL<\/p>\n<ul>\n<li>Kasa \u00e7ap\u0131: 40 mm<\/li>\n<li>Kasa Kal\u0131nl\u0131\u011f\u0131: 13 mm<\/li>\n<li>Bant geni\u015fli\u011fi: 20 mm<\/li>\n<\/ul>\n","protected":false},"excerpt":{"rendered":"<div class=\"description\">\n<p>316 kalite \u00e7elikten, yans\u0131ma \u00f6nleyici safir camdan, dijital kurma kolundan, kristalden ve deri kay\u0131\u015ftan yap\u0131lm\u0131\u015f, senkronize analog ve dijital saate sahip Alfajr Premier Bayan saati.<\/p>\n<\/div>\n<form class=\"variations_form cart swatches-support\" style=\"box-sizing: border-box; padding: 0px; float: none; color: #212121; font-family: 'Readex Pro', sans-serif; font-size: 14px; font-style: normal; font-variant-ligatures: normal; font-variant-caps: normal; font-weight: 300; letter-spacing: normal; orphans: 2; text-align: right; text-indent: 0px; text-transform: none; widows: 2; word-spacing: 0px; -webkit-text-stroke-width: 0px; white-space: normal; background-color: #ffffff; text-decoration-thickness: initial; text-decoration-style: initial; text-decoration-color: initial;\" enctype=\"multipart\/form-data\" method=\"post\" data-product_id=\"34132\" data-product_variations=\"[{&quot;attributes&quot;:{&quot;attribute_pa_color&quot;:&quot;rose-gold-ar&quot;},&quot;availability_html&quot;:&quot;&lt;p class=\\&quot;stock in-stock\\&quot;&gt;\\u0645\\u062a\\u0648\\u0641\\u0631 \\u0641\\u064a \\u0627\\u0644\\u0645\\u062e\\u0632\\u0648\\u0646&lt;\\\/p&gt;\\n&quot;,&quot;backorders_allowed&quot;:false,&quot;dimensions&quot;:{&quot;length&quot;:&quot;&quot;,&quot;width&quot;:&quot;&quot;,&quot;height&quot;:&quot;&quot;},&quot;dimensions_html&quot;:&quot;\\u063a\\u064a\\u0631 \\u0645\\u062d\\u062f\\u062f&quot;,&quot;display_price&quot;:1370,&quot;display_regular_price&quot;:1370,&quot;image&quot;:{&quot;title&quot;:&quot;2&quot;,&quot;caption&quot;:&quot;&quot;,&quot;url&quot;:&quot;https:\\\/\\\/alfajr.com\\\/wp-content\\\/uploads\\\/2023\\\/04\\\/2-7-scaled.jpg&quot;,&quot;alt&quot;:&quot;2&quot;,&quot;src&quot;:&quot;https:\\\/\\\/alfajr.com\\\/wp-content\\\/uploads\\\/2023\\\/04\\\/2-7-scaled-1280x1280.jpg&quot;,&quot;srcset&quot;:false,&quot;sizes&quot;:&quot;(max-width: 1280px) 100vw, 1280px&quot;,&quot;full_src&quot;:&quot;https:\\\/\\\/alfajr.com\\\/wp-content\\\/uploads\\\/2023\\\/04\\\/2-7-scaled.jpg&quot;,&quot;full_src_w&quot;:2560,&quot;full_src_h&quot;:2560,&quot;gallery_thumbnail_src&quot;:&quot;https:\\\/\\\/alfajr.com\\\/wp-content\\\/uploads\\\/2023\\\/04\\\/2-7-scaled-300x300.jpg&quot;,&quot;gallery_thumbnail_src_w&quot;:300,&quot;gallery_thumbnail_src_h&quot;:300,&quot;thumb_src&quot;:&quot;https:\\\/\\\/alfajr.com\\\/wp-content\\\/uploads\\\/2023\\\/04\\\/2-7-scaled-500x500.jpg&quot;,&quot;thumb_src_w&quot;:500,&quot;thumb_src_h&quot;:500,&quot;src_w&quot;:1280,&quot;src_h&quot;:1280},&quot;image_id&quot;:34115,&quot;is_downloadable&quot;:false,&quot;is_in_stock&quot;:true,&quot;is_purchasable&quot;:true,&quot;is_sold_individually&quot;:&quot;no&quot;,&quot;is_virtual&quot;:false,&quot;max_qty&quot;:999,&quot;min_qty&quot;:1,&quot;price_html&quot;:&quot;&quot;,&quot;sku&quot;:&quot;6281106032834&quot;,&quot;variation_description&quot;:&quot;&lt;p&gt;\\u0627\\u0644\\u0644\\u0648\\u0646 : \\u0630\\u0647\\u0628 \\u0648\\u0631\\u062f\\u064a&lt;br \\\/&gt;\\n\\u0631\\u0642\\u0645 \\u0627\\u0644\\u0645\\u0648\\u062f\\u064a\\u0644 : WG-28RL&lt;\\\/p&gt;\\n&quot;,&quot;variation_id&quot;:34136,&quot;variation_is_active&quot;:true,&quot;variation_is_visible&quot;:true,&quot;weight&quot;:&quot;&quot;,&quot;weight_html&quot;:&quot;\\u063a\\u064a\\u0631 \\u0645\\u062d\\u062f\\u062f&quot;,&quot;woosg_image&quot;:&quot;&lt;img width=\\&quot;500\\&quot; height=\\&quot;500\\&quot; src=\\&quot;https:\\\/\\\/alfajr.com\\\/wp-content\\\/uploads\\\/2023\\\/04\\\/2-7-scaled-500x500.jpg\\&quot; class=\\&quot;attachment-woocommerce_thumbnail size-woocommerce_thumbnail\\&quot; alt=\\&quot;\\&quot; decoding=\\&quot;async\\&quot; \\\/&gt;&quot;,&quot;stock_status&quot;:&quot;instock&quot;,&quot;stock_quantity&quot;:999,&quot;variation_gallery_images&quot;:[{&quot;image_id&quot;:34115,&quot;title&quot;:&quot;2&quot;,&quot;caption&quot;:&quot;&quot;,&quot;url&quot;:&quot;https:\\\/\\\/alfajr.com\\\/wp-content\\\/uploads\\\/2023\\\/04\\\/2-7-scaled.jpg&quot;,&quot;alt&quot;:&quot;&quot;,&quot;full_src&quot;:&quot;https:\\\/\\\/alfajr.com\\\/wp-content\\\/uploads\\\/2023\\\/04\\\/2-7-scaled.jpg&quot;,&quot;full_src_w&quot;:&quot;2560&quot;,&quot;full_src_h&quot;:&quot;2560&quot;,&quot;full_class&quot;:&quot;attachment-full size-full&quot;,&quot;gallery_thumbnail_src&quot;:&quot;https:\\\/\\\/alfajr.com\\\/wp-content\\\/uploads\\\/2023\\\/04\\\/2-7-scaled-300x300.jpg&quot;,&quot;gallery_thumbnail_src_w&quot;:&quot;300&quot;,&quot;gallery_thumbnail_src_h&quot;:&quot;300&quot;,&quot;gallery_thumbnail_class&quot;:&quot;attachment-300x300 size-300x300&quot;,&quot;archive_src&quot;:&quot;https:\\\/\\\/alfajr.com\\\/wp-content\\\/uploads\\\/2023\\\/04\\\/2-7-scaled-500x500.jpg&quot;,&quot;archive_src_w&quot;:&quot;500&quot;,&quot;archive_src_h&quot;:&quot;500&quot;,&quot;archive_class&quot;:&quot;attachment-woocommerce_thumbnail size-woocommerce_thumbnail&quot;,&quot;src&quot;:&quot;https:\\\/\\\/alfajr.com\\\/wp-content\\\/uploads\\\/2023\\\/04\\\/2-7-scaled-1280x1280.jpg&quot;,&quot;class&quot;:&quot;wp-post-image wvg-post-image attachment-woocommerce_single size-woocommerce_single &quot;,&quot;src_w&quot;:&quot;1280&quot;,&quot;src_h&quot;:&quot;1280&quot;,&quot;srcset&quot;:false,&quot;sizes&quot;:&quot;(max-width: 1280px) 100vw, 1280px&quot;,&quot;video_link&quot;:&quot;&quot;,&quot;extra_params&quot;:&quot;&quot;},{&quot;image_id&quot;:34121,&quot;title&quot;:&quot;5&quot;,&quot;caption&quot;:&quot;&quot;,&quot;url&quot;:&quot;https:\\\/\\\/alfajr.com\\\/wp-content\\\/uploads\\\/2023\\\/04\\\/5-3-scaled.jpg&quot;,&quot;alt&quot;:&quot;&quot;,&quot;full_src&quot;:&quot;https:\\\/\\\/alfajr.com\\\/wp-content\\\/uploads\\\/2023\\\/04\\\/5-3-scaled.jpg&quot;,&quot;full_src_w&quot;:&quot;2498&quot;,&quot;full_src_h&quot;:&quot;2560&quot;,&quot;full_class&quot;:&quot;attachment-full size-full&quot;,&quot;gallery_thumbnail_src&quot;:&quot;https:\\\/\\\/alfajr.com\\\/wp-content\\\/uploads\\\/2023\\\/04\\\/5-3-scaled-300x300.jpg&quot;,&quot;gallery_thumbnail_src_w&quot;:&quot;300&quot;,&quot;gallery_thumbnail_src_h&quot;:&quot;300&quot;,&quot;gallery_thumbnail_class&quot;:&quot;attachment-300x300 size-300x300&quot;,&quot;archive_src&quot;:&quot;https:\\\/\\\/alfajr.com\\\/wp-content\\\/uploads\\\/2023\\\/04\\\/5-3-scaled-500x500.jpg&quot;,&quot;archive_src_w&quot;:&quot;500&quot;,&quot;archive_src_h&quot;:&quot;500&quot;,&quot;archive_class&quot;:&quot;attachment-woocommerce_thumbnail size-woocommerce_thumbnail&quot;,&quot;src&quot;:&quot;https:\\\/\\\/alfajr.com\\\/wp-content\\\/uploads\\\/2023\\\/04\\\/5-3-scaled-1280x1312.jpg&quot;,&quot;class&quot;:&quot;wp-post-image wvg-post-image attachment-woocommerce_single size-woocommerce_single &quot;,&quot;src_w&quot;:&quot;1280&quot;,&quot;src_h&quot;:&quot;1312&quot;,&quot;srcset&quot;:false,&quot;sizes&quot;:&quot;(max-width: 1280px) 100vw, 1280px&quot;,&quot;video_link&quot;:&quot;&quot;,&quot;extra_params&quot;:&quot;&quot;},{&quot;image_id&quot;:34117,&quot;title&quot;:&quot;3&quot;,&quot;caption&quot;:&quot;&quot;,&quot;url&quot;:&quot;https:\\\/\\\/alfajr.com\\\/wp-content\\\/uploads\\\/2023\\\/04\\\/3-7-scaled.jpg&quot;,&quot;alt&quot;:&quot;&quot;,&quot;full_src&quot;:&quot;https:\\\/\\\/alfajr.com\\\/wp-content\\\/uploads\\\/2023\\\/04\\\/3-7-scaled.jpg&quot;,&quot;full_src_w&quot;:&quot;2560&quot;,&quot;full_src_h&quot;:&quot;2560&quot;,&quot;full_class&quot;:&quot;attachment-full size-full&quot;,&quot;gallery_thumbnail_src&quot;:&quot;https:\\\/\\\/alfajr.com\\\/wp-content\\\/uploads\\\/2023\\\/04\\\/3-7-scaled-300x300.jpg&quot;,&quot;gallery_thumbnail_src_w&quot;:&quot;300&quot;,&quot;gallery_thumbnail_src_h&quot;:&quot;300&quot;,&quot;gallery_thumbnail_class&quot;:&quot;attachment-300x300 size-300x300&quot;,&quot;archive_src&quot;:&quot;https:\\\/\\\/alfajr.com\\\/wp-content\\\/uploads\\\/2023\\\/04\\\/3-7-scaled-500x500.jpg&quot;,&quot;archive_src_w&quot;:&quot;500&quot;,&quot;archive_src_h&quot;:&quot;500&quot;,&quot;archive_class&quot;:&quot;attachment-woocommerce_thumbnail size-woocommerce_thumbnail&quot;,&quot;src&quot;:&quot;https:\\\/\\\/alfajr.com\\\/wp-content\\\/uploads\\\/2023\\\/04\\\/3-7-scaled-1280x1280.jpg&quot;,&quot;class&quot;:&quot;wp-post-image wvg-post-image attachment-woocommerce_single size-woocommerce_single &quot;,&quot;src_w&quot;:&quot;1280&quot;,&quot;src_h&quot;:&quot;1280&quot;,&quot;srcset&quot;:false,&quot;sizes&quot;:&quot;(max-width: 1280px) 100vw, 1280px&quot;,&quot;video_link&quot;:&quot;&quot;,&quot;extra_params&quot;:&quot;&quot;},{&quot;image_id&quot;:34119,&quot;title&quot;:&quot;4&quot;,&quot;caption&quot;:&quot;&quot;,&quot;url&quot;:&quot;https:\\\/\\\/alfajr.com\\\/wp-content\\\/uploads\\\/2023\\\/04\\\/4-7-scaled.jpg&quot;,&quot;alt&quot;:&quot;&quot;,&quot;full_src&quot;:&quot;https:\\\/\\\/alfajr.com\\\/wp-content\\\/uploads\\\/2023\\\/04\\\/4-7-scaled.jpg&quot;,&quot;full_src_w&quot;:&quot;2560&quot;,&quot;full_src_h&quot;:&quot;2560&quot;,&quot;full_class&quot;:&quot;attachment-full size-full&quot;,&quot;gallery_thumbnail_src&quot;:&quot;https:\\\/\\\/alfajr.com\\\/wp-content\\\/uploads\\\/2023\\\/04\\\/4-7-scaled-300x300.jpg&quot;,&quot;gallery_thumbnail_src_w&quot;:&quot;300&quot;,&quot;gallery_thumbnail_src_h&quot;:&quot;300&quot;,&quot;gallery_thumbnail_class&quot;:&quot;attachment-300x300 size-300x300&quot;,&quot;archive_src&quot;:&quot;https:\\\/\\\/alfajr.com\\\/wp-content\\\/uploads\\\/2023\\\/04\\\/4-7-scaled-500x500.jpg&quot;,&quot;archive_src_w&quot;:&quot;500&quot;,&quot;archive_src_h&quot;:&quot;500&quot;,&quot;archive_class&quot;:&quot;attachment-woocommerce_thumbnail size-woocommerce_thumbnail&quot;,&quot;src&quot;:&quot;https:\\\/\\\/alfajr.com\\\/wp-content\\\/uploads\\\/2023\\\/04\\\/4-7-scaled-1280x1280.jpg&quot;,&quot;class&quot;:&quot;wp-post-image wvg-post-image attachment-woocommerce_single size-woocommerce_single &quot;,&quot;src_w&quot;:&quot;1280&quot;,&quot;src_h&quot;:&quot;1280&quot;,&quot;srcset&quot;:false,&quot;sizes&quot;:&quot;(max-width: 1280px) 100vw, 1280px&quot;,&quot;video_link&quot;:&quot;&quot;,&quot;extra_params&quot;:&quot;&quot;},{&quot;image_id&quot;:34113,&quot;title&quot;:&quot;1&quot;,&quot;caption&quot;:&quot;&quot;,&quot;url&quot;:&quot;https:\\\/\\\/alfajr.com\\\/wp-content\\\/uploads\\\/2023\\\/04\\\/1-7-scaled.jpg&quot;,&quot;alt&quot;:&quot;&quot;,&quot;full_src&quot;:&quot;https:\\\/\\\/alfajr.com\\\/wp-content\\\/uploads\\\/2023\\\/04\\\/1-7-scaled.jpg&quot;,&quot;full_src_w&quot;:&quot;2560&quot;,&quot;full_src_h&quot;:&quot;2560&quot;,&quot;full_class&quot;:&quot;attachment-full size-full&quot;,&quot;gallery_thumbnail_src&quot;:&quot;https:\\\/\\\/alfajr.com\\\/wp-content\\\/uploads\\\/2023\\\/04\\\/1-7-scaled-300x300.jpg&quot;,&quot;gallery_thumbnail_src_w&quot;:&quot;300&quot;,&quot;gallery_thumbnail_src_h&quot;:&quot;300&quot;,&quot;gallery_thumbnail_class&quot;:&quot;attachment-300x300 size-300x300&quot;,&quot;archive_src&quot;:&quot;https:\\\/\\\/alfajr.com\\\/wp-content\\\/uploads\\\/2023\\\/04\\\/1-7-scaled-500x500.jpg&quot;,&quot;archive_src_w&quot;:&quot;500&quot;,&quot;archive_src_h&quot;:&quot;500&quot;,&quot;archive_class&quot;:&quot;attachment-woocommerce_thumbnail size-woocommerce_thumbnail&quot;,&quot;src&quot;:&quot;https:\\\/\\\/alfajr.com\\\/wp-content\\\/uploads\\\/2023\\\/04\\\/1-7-scaled-1280x1280.jpg&quot;,&quot;class&quot;:&quot;wp-post-image wvg-post-image attachment-woocommerce_single size-woocommerce_single &quot;,&quot;src_w&quot;:&quot;1280&quot;,&quot;src_h&quot;:&quot;1280&quot;,&quot;srcset&quot;:false,&quot;sizes&quot;:&quot;(max-width: 1280px) 100vw, 1280px&quot;,&quot;video_link&quot;:&quot;&quot;,&quot;extra_params&quot;:&quot;&quot;}]},{&quot;attributes&quot;:{&quot;attribute_pa_color&quot;:&quot;gold-black-ar&quot;},&quot;availability_html&quot;:&quot;&lt;p class=\\&quot;stock in-stock\\&quot;&gt;\\u0645\\u062a\\u0648\\u0641\\u0631 \\u0641\\u064a \\u0627\\u0644\\u0645\\u062e\\u0632\\u0648\\u0646&lt;\\\/p&gt;\\n&quot;,&quot;backorders_allowed&quot;:false,&quot;dimensions&quot;:{&quot;length&quot;:&quot;&quot;,&quot;width&quot;:&quot;&quot;,&quot;height&quot;:&quot;&quot;},&quot;dimensions_html&quot;:&quot;\\u063a\\u064a\\u0631 \\u0645\\u062d\\u062f\\u062f&quot;,&quot;display_price&quot;:1370,&quot;display_regular_price&quot;:1370,&quot;image&quot;:{&quot;title&quot;:&quot;1&quot;,&quot;caption&quot;:&quot;&quot;,&quot;url&quot;:&quot;https:\\\/\\\/alfajr.com\\\/wp-content\\\/uploads\\\/2023\\\/04\\\/1-8-scaled.jpg&quot;,&quot;alt&quot;:&quot;1&quot;,&quot;src&quot;:&quot;https:\\\/\\\/alfajr.com\\\/wp-content\\\/uploads\\\/2023\\\/04\\\/1-8-scaled-1280x1280.jpg&quot;,&quot;srcset&quot;:false,&quot;sizes&quot;:&quot;(max-width: 1280px) 100vw, 1280px&quot;,&quot;full_src&quot;:&quot;https:\\\/\\\/alfajr.com\\\/wp-content\\\/uploads\\\/2023\\\/04\\\/1-8-scaled.jpg&quot;,&quot;full_src_w&quot;:2560,&quot;full_src_h&quot;:2560,&quot;gallery_thumbnail_src&quot;:&quot;https:\\\/\\\/alfajr.com\\\/wp-content\\\/uploads\\\/2023\\\/04\\\/1-8-scaled-300x300.jpg&quot;,&quot;gallery_thumbnail_src_w&quot;:300,&quot;gallery_thumbnail_src_h&quot;:300,&quot;thumb_src&quot;:&quot;https:\\\/\\\/alfajr.com\\\/wp-content\\\/uploads\\\/2023\\\/04\\\/1-8-scaled-500x500.jpg&quot;,&quot;thumb_src_w&quot;:500,&quot;thumb_src_h&quot;:500,&quot;src_w&quot;:1280,&quot;src_h&quot;:1280},&quot;image_id&quot;:34123,&quot;is_downloadable&quot;:false,&quot;is_in_stock&quot;:true,&quot;is_purchasable&quot;:true,&quot;is_sold_individually&quot;:&quot;no&quot;,&quot;is_virtual&quot;:false,&quot;max_qty&quot;:997,&quot;min_qty&quot;:1,&quot;price_html&quot;:&quot;&quot;,&quot;sku&quot;:&quot;6281106032810&quot;,&quot;variation_description&quot;:&quot;&lt;p&gt;\\u0627\\u0644\\u0644\\u0648\\u0646 : \\u0630\\u0647\\u0628\\u0649&lt;br \\\/&gt;\\n\\u0631\\u0642\\u0645 \\u0627\\u0644\\u0645\\u0648\\u062f\\u064a\\u0644 : WG-28GL&lt;\\\/p&gt;\\n&quot;,&quot;variation_id&quot;:34135,&quot;variation_is_active&quot;:true,&quot;variation_is_visible&quot;:true,&quot;weight&quot;:&quot;&quot;,&quot;weight_html&quot;:&quot;\\u063a\\u064a\\u0631 \\u0645\\u062d\\u062f\\u062f&quot;,&quot;woosg_image&quot;:&quot;&lt;img width=\\&quot;500\\&quot; height=\\&quot;500\\&quot; src=\\&quot;https:\\\/\\\/alfajr.com\\\/wp-content\\\/uploads\\\/2023\\\/04\\\/1-8-scaled-500x500.jpg\\&quot; class=\\&quot;attachment-woocommerce_thumbnail size-woocommerce_thumbnail\\&quot; alt=\\&quot;\\&quot; decoding=\\&quot;async\\&quot; \\\/&gt;&quot;,&quot;stock_status&quot;:&quot;instock&quot;,&quot;stock_quantity&quot;:997,&quot;variation_gallery_images&quot;:[{&quot;image_id&quot;:34123,&quot;title&quot;:&quot;1&quot;,&quot;caption&quot;:&quot;&quot;,&quot;url&quot;:&quot;https:\\\/\\\/alfajr.com\\\/wp-content\\\/uploads\\\/2023\\\/04\\\/1-8-scaled.jpg&quot;,&quot;alt&quot;:&quot;&quot;,&quot;full_src&quot;:&quot;https:\\\/\\\/alfajr.com\\\/wp-content\\\/uploads\\\/2023\\\/04\\\/1-8-scaled.jpg&quot;,&quot;full_src_w&quot;:&quot;2560&quot;,&quot;full_src_h&quot;:&quot;2560&quot;,&quot;full_class&quot;:&quot;attachment-full size-full&quot;,&quot;gallery_thumbnail_src&quot;:&quot;https:\\\/\\\/alfajr.com\\\/wp-content\\\/uploads\\\/2023\\\/04\\\/1-8-scaled-300x300.jpg&quot;,&quot;gallery_thumbnail_src_w&quot;:&quot;300&quot;,&quot;gallery_thumbnail_src_h&quot;:&quot;300&quot;,&quot;gallery_thumbnail_class&quot;:&quot;attachment-300x300 size-300x300&quot;,&quot;archive_src&quot;:&quot;https:\\\/\\\/alfajr.com\\\/wp-content\\\/uploads\\\/2023\\\/04\\\/1-8-scaled-500x500.jpg&quot;,&quot;archive_src_w&quot;:&quot;500&quot;,&quot;archive_src_h&quot;:&quot;500&quot;,&quot;archive_class&quot;:&quot;attachment-woocommerce_thumbnail size-woocommerce_thumbnail&quot;,&quot;src&quot;:&quot;https:\\\/\\\/alfajr.com\\\/wp-content\\\/uploads\\\/2023\\\/04\\\/1-8-scaled-1280x1280.jpg&quot;,&quot;class&quot;:&quot;wp-post-image wvg-post-image attachment-woocommerce_single size-woocommerce_single &quot;,&quot;src_w&quot;:&quot;1280&quot;,&quot;src_h&quot;:&quot;1280&quot;,&quot;srcset&quot;:false,&quot;sizes&quot;:&quot;(max-width: 1280px) 100vw, 1280px&quot;,&quot;video_link&quot;:&quot;&quot;,&quot;extra_params&quot;:&quot;&quot;},{&quot;image_id&quot;:34129,&quot;title&quot;:&quot;4&quot;,&quot;caption&quot;:&quot;&quot;,&quot;url&quot;:&quot;https:\\\/\\\/alfajr.com\\\/wp-content\\\/uploads\\\/2023\\\/04\\\/4-8-scaled.jpg&quot;,&quot;alt&quot;:&quot;&quot;,&quot;full_src&quot;:&quot;https:\\\/\\\/alfajr.com\\\/wp-content\\\/uploads\\\/2023\\\/04\\\/4-8-scaled.jpg&quot;,&quot;full_src_w&quot;:&quot;2498&quot;,&quot;full_src_h&quot;:&quot;2560&quot;,&quot;full_class&quot;:&quot;attachment-full size-full&quot;,&quot;gallery_thumbnail_src&quot;:&quot;https:\\\/\\\/alfajr.com\\\/wp-content\\\/uploads\\\/2023\\\/04\\\/4-8-scaled-300x300.jpg&quot;,&quot;gallery_thumbnail_src_w&quot;:&quot;300&quot;,&quot;gallery_thumbnail_src_h&quot;:&quot;300&quot;,&quot;gallery_thumbnail_class&quot;:&quot;attachment-300x300 size-300x300&quot;,&quot;archive_src&quot;:&quot;https:\\\/\\\/alfajr.com\\\/wp-content\\\/uploads\\\/2023\\\/04\\\/4-8-scaled-500x500.jpg&quot;,&quot;archive_src_w&quot;:&quot;500&quot;,&quot;archive_src_h&quot;:&quot;500&quot;,&quot;archive_class&quot;:&quot;attachment-woocommerce_thumbnail size-woocommerce_thumbnail&quot;,&quot;src&quot;:&quot;https:\\\/\\\/alfajr.com\\\/wp-content\\\/uploads\\\/2023\\\/04\\\/4-8-scaled-1280x1312.jpg&quot;,&quot;class&quot;:&quot;wp-post-image wvg-post-image attachment-woocommerce_single size-woocommerce_single &quot;,&quot;src_w&quot;:&quot;1280&quot;,&quot;src_h&quot;:&quot;1312&quot;,&quot;srcset&quot;:false,&quot;sizes&quot;:&quot;(max-width: 1280px) 100vw, 1280px&quot;,&quot;video_link&quot;:&quot;&quot;,&quot;extra_params&quot;:&quot;&quot;},{&quot;image_id&quot;:34125,&quot;title&quot;:&quot;2&quot;,&quot;caption&quot;:&quot;&quot;,&quot;url&quot;:&quot;https:\\\/\\\/alfajr.com\\\/wp-content\\\/uploads\\\/2023\\\/04\\\/2-8-scaled.jpg&quot;,&quot;alt&quot;:&quot;&quot;,&quot;full_src&quot;:&quot;https:\\\/\\\/alfajr.com\\\/wp-content\\\/uploads\\\/2023\\\/04\\\/2-8-scaled.jpg&quot;,&quot;full_src_w&quot;:&quot;2560&quot;,&quot;full_src_h&quot;:&quot;2560&quot;,&quot;full_class&quot;:&quot;attachment-full size-full&quot;,&quot;gallery_thumbnail_src&quot;:&quot;https:\\\/\\\/alfajr.com\\\/wp-content\\\/uploads\\\/2023\\\/04\\\/2-8-scaled-300x300.jpg&quot;,&quot;gallery_thumbnail_src_w&quot;:&quot;300&quot;,&quot;gallery_thumbnail_src_h&quot;:&quot;300&quot;,&quot;gallery_thumbnail_class&quot;:&quot;attachment-300x300 size-300x300&quot;,&quot;archive_src&quot;:&quot;https:\\\/\\\/alfajr.com\\\/wp-content\\\/uploads\\\/2023\\\/04\\\/2-8-scaled-500x500.jpg&quot;,&quot;archive_src_w&quot;:&quot;500&quot;,&quot;archive_src_h&quot;:&quot;500&quot;,&quot;archive_class&quot;:&quot;attachment-woocommerce_thumbnail size-woocommerce_thumbnail&quot;,&quot;src&quot;:&quot;https:\\\/\\\/alfajr.com\\\/wp-content\\\/uploads\\\/2023\\\/04\\\/2-8-scaled-1280x1280.jpg&quot;,&quot;class&quot;:&quot;wp-post-image wvg-post-image attachment-woocommerce_single size-woocommerce_single &quot;,&quot;src_w&quot;:&quot;1280&quot;,&quot;src_h&quot;:&quot;1280&quot;,&quot;srcset&quot;:false,&quot;sizes&quot;:&quot;(max-width: 1280px) 100vw, 1280px&quot;,&quot;video_link&quot;:&quot;&quot;,&quot;extra_params&quot;:&quot;&quot;},{&quot;image_id&quot;:34127,&quot;title&quot;:&quot;3&quot;,&quot;caption&quot;:&quot;&quot;,&quot;url&quot;:&quot;https:\\\/\\\/alfajr.com\\\/wp-content\\\/uploads\\\/2023\\\/04\\\/3-8-scaled.jpg&quot;,&quot;alt&quot;:&quot;&quot;,&quot;full_src&quot;:&quot;https:\\\/\\\/alfajr.com\\\/wp-content\\\/uploads\\\/2023\\\/04\\\/3-8-scaled.jpg&quot;,&quot;full_src_w&quot;:&quot;2560&quot;,&quot;full_src_h&quot;:&quot;2560&quot;,&quot;full_class&quot;:&quot;attachment-full size-full&quot;,&quot;gallery_thumbnail_src&quot;:&quot;https:\\\/\\\/alfajr.com\\\/wp-content\\\/uploads\\\/2023\\\/04\\\/3-8-scaled-300x300.jpg&quot;,&quot;gallery_thumbnail_src_w&quot;:&quot;300&quot;,&quot;gallery_thumbnail_src_h&quot;:&quot;300&quot;,&quot;gallery_thumbnail_class&quot;:&quot;attachment-300x300 size-300x300&quot;,&quot;archive_src&quot;:&quot;https:\\\/\\\/alfajr.com\\\/wp-content\\\/uploads\\\/2023\\\/04\\\/3-8-scaled-500x500.jpg&quot;,&quot;archive_src_w&quot;:&quot;500&quot;,&quot;archive_src_h&quot;:&quot;500&quot;,&quot;archive_class&quot;:&quot;attachment-woocommerce_thumbnail size-woocommerce_thumbnail&quot;,&quot;src&quot;:&quot;https:\\\/\\\/alfajr.com\\\/wp-content\\\/uploads\\\/2023\\\/04\\\/3-8-scaled-1280x1280.jpg&quot;,&quot;class&quot;:&quot;wp-post-image wvg-post-image attachment-woocommerce_single size-woocommerce_single &quot;,&quot;src_w&quot;:&quot;1280&quot;,&quot;src_h&quot;:&quot;1280&quot;,&quot;srcset&quot;:false,&quot;sizes&quot;:&quot;(max-width: 1280px) 100vw, 1280px&quot;,&quot;video_link&quot;:&quot;&quot;,&quot;extra_params&quot;:&quot;&quot;},{&quot;image_id&quot;:34131,&quot;title&quot;:&quot;5&quot;,&quot;caption&quot;:&quot;&quot;,&quot;url&quot;:&quot;https:\\\/\\\/alfajr.com\\\/wp-content\\\/uploads\\\/2023\\\/04\\\/5-4-scaled.jpg&quot;,&quot;alt&quot;:&quot;&quot;,&quot;full_src&quot;:&quot;https:\\\/\\\/alfajr.com\\\/wp-content\\\/uploads\\\/2023\\\/04\\\/5-4-scaled.jpg&quot;,&quot;full_src_w&quot;:&quot;2560&quot;,&quot;full_src_h&quot;:&quot;2560&quot;,&quot;full_class&quot;:&quot;attachment-full size-full&quot;,&quot;gallery_thumbnail_src&quot;:&quot;https:\\\/\\\/alfajr.com\\\/wp-content\\\/uploads\\\/2023\\\/04\\\/5-4-scaled-300x300.jpg&quot;,&quot;gallery_thumbnail_src_w&quot;:&quot;300&quot;,&quot;gallery_thumbnail_src_h&quot;:&quot;300&quot;,&quot;gallery_thumbnail_class&quot;:&quot;attachment-300x300 size-300x300&quot;,&quot;archive_src&quot;:&quot;https:\\\/\\\/alfajr.com\\\/wp-content\\\/uploads\\\/2023\\\/04\\\/5-4-scaled-500x500.jpg&quot;,&quot;archive_src_w&quot;:&quot;500&quot;,&quot;archive_src_h&quot;:&quot;500&quot;,&quot;archive_class&quot;:&quot;attachment-woocommerce_thumbnail size-woocommerce_thumbnail&quot;,&quot;src&quot;:&quot;https:\\\/\\\/alfajr.com\\\/wp-content\\\/uploads\\\/2023\\\/04\\\/5-4-scaled-1280x1280.jpg&quot;,&quot;class&quot;:&quot;wp-post-image wvg-post-image attachment-woocommerce_single size-woocommerce_single &quot;,&quot;src_w&quot;:&quot;1280&quot;,&quot;src_h&quot;:&quot;1280&quot;,&quot;srcset&quot;:false,&quot;sizes&quot;:&quot;(max-width: 1280px) 100vw, 1280px&quot;,&quot;video_link&quot;:&quot;&quot;,&quot;extra_params&quot;:&quot;&quot;}]}]\"><\/form>\n","protected":false},"featured_media":11792,"template":"","meta":[],"product_brand":[],"product_cat":[119,116],"product_tag":[],"class_list":{"0":"post-11817","1":"product","2":"type-product","3":"status-publish","4":"has-post-thumbnail","6":"product_cat-kadin-saatleri","7":"product_cat-kol-saati","8":"pa_color-altin","9":"pa_color-rose-ar-tr","11":"first","12":"instock","13":"taxable","14":"shipping-taxable","15":"purchasable","16":"product-type-variable"},"_links":{"self":[{"href":"https:\/\/alfajrsaat.com\/tr\/wp-json\/wp\/v2\/product\/11817","targetHints":{"allow":["GET"]}}],"collection":[{"href":"https:\/\/alfajrsaat.com\/tr\/wp-json\/wp\/v2\/product"}],"about":[{"href":"https:\/\/alfajrsaat.com\/tr\/wp-json\/wp\/v2\/types\/product"}],"wp:featuredmedia":[{"embeddable":true,"href":"https:\/\/alfajrsaat.com\/tr\/wp-json\/wp\/v2\/media\/11792"}],"wp:attachment":[{"href":"https:\/\/alfajrsaat.com\/tr\/wp-json\/wp\/v2\/media?parent=11817"}],"wp:term":[{"taxonomy":"product_brand","embeddable":true,"href":"https:\/\/alfajrsaat.com\/tr\/wp-json\/wp\/v2\/product_brand?post=11817"},{"taxonomy":"product_cat","embeddable":true,"href":"https:\/\/alfajrsaat.com\/tr\/wp-json\/wp\/v2\/product_cat?post=11817"},{"taxonomy":"product_tag","embeddable":true,"href":"https:\/\/alfajrsaat.com\/tr\/wp-json\/wp\/v2\/product_tag?post=11817"}],"curies":[{"name":"wp","href":"https:\/\/api.w.org\/{rel}","templated":true}]}}