{"id":11517,"date":"2023-06-08T09:57:22","date_gmt":"2023-06-08T10:51:26","guid":{"rendered":"https:\/\/alfajrsaat.com\/?post_type=product&#038;p=11517"},"modified":"2025-09-02T11:46:15","modified_gmt":"2025-09-02T11:46:15","slug":"dynamic-360-rubber","status":"publish","type":"product","link":"https:\/\/alfajrsaat.com\/tr\/product\/dynamic-360-rubber\/","title":{"rendered":"D\u0130NAM\u0130K SAAT 360 LAST\u0130K"},"content":{"rendered":"<p>Dynamic watch with simultaneous analogue and digital time display with date and prayer times, made of 316 grade steel, anti-reflective sapphire glass, digital crown, and rubber strap.<\/p>\n<p>Clock features:<\/p>\n<p>Azan feature<br \/>\nPrayer times for all cities of the world<br \/>\nDetermine the direction of the Qibla and the compass (by dynamic hands)<br \/>\nDaily alarm in addition to alarms for all prayers<br \/>\nHijri and Gregorian calendar<br \/>\nArabic or English language<br \/>\nwater resistant<br \/>\nDisplay type: Analog and digital<br \/>\nWatch material: steel<br \/>\nBand Material: Genuine Leather<br \/>\nWatch Measurements:<\/p>\n<p>Diameter: 44 mm<br \/>\nThickness: 13.8 mm<br \/>\nBelt width: 24 mm<\/p>\n","protected":false},"excerpt":{"rendered":"<p>Dynamic watch with simultaneous analogue and digital time display with date and prayer times, made of 316 grade steel, anti-reflective sapphire glass, digital crown, and brown leather strap.<\/p>\n","protected":false},"featured_media":10954,"template":"","meta":[],"product_brand":[],"product_cat":[117,116],"product_tag":[],"class_list":{"0":"post-11517","1":"product","2":"type-product","3":"status-publish","4":"has-post-thumbnail","6":"product_cat-erkek-saatler","7":"product_cat-kol-saati","8":"pa_color-gri-gumus","9":"pa_color-gumus","10":"pa_color-mavi-gumus","11":"pa_color-siyah","12":"pa_color-siyah-kirmizi","14":"first","15":"instock","16":"taxable","17":"shipping-taxable","18":"purchasable","19":"product-type-variable"},"_links":{"self":[{"href":"https:\/\/alfajrsaat.com\/tr\/wp-json\/wp\/v2\/product\/11517","targetHints":{"allow":["GET"]}}],"collection":[{"href":"https:\/\/alfajrsaat.com\/tr\/wp-json\/wp\/v2\/product"}],"about":[{"href":"https:\/\/alfajrsaat.com\/tr\/wp-json\/wp\/v2\/types\/product"}],"wp:featuredmedia":[{"embeddable":true,"href":"https:\/\/alfajrsaat.com\/tr\/wp-json\/wp\/v2\/media\/10954"}],"wp:attachment":[{"href":"https:\/\/alfajrsaat.com\/tr\/wp-json\/wp\/v2\/media?parent=11517"}],"wp:term":[{"taxonomy":"product_brand","embeddable":true,"href":"https:\/\/alfajrsaat.com\/tr\/wp-json\/wp\/v2\/product_brand?post=11517"},{"taxonomy":"product_cat","embeddable":true,"href":"https:\/\/alfajrsaat.com\/tr\/wp-json\/wp\/v2\/product_cat?post=11517"},{"taxonomy":"product_tag","embeddable":true,"href":"https:\/\/alfajrsaat.com\/tr\/wp-json\/wp\/v2\/product_tag?post=11517"}],"curies":[{"name":"wp","href":"https:\/\/api.w.org\/{rel}","templated":true}]}}