{"id":11410,"date":"2023-06-01T15:53:30","date_gmt":"2023-06-01T16:08:39","guid":{"rendered":"https:\/\/alfajrsaat.com\/?post_type=product&#038;p=11410"},"modified":"2025-12-29T11:35:37","modified_gmt":"2025-12-29T11:35:37","slug":"premier-360-leather","status":"publish","type":"product","link":"https:\/\/alfajrsaat.com\/tr\/product\/premier-360-leather\/","title":{"rendered":"Premier 360 Deri 44 mm"},"content":{"rendered":"<h2>\u00d6zellikler:<\/h2>\n<ul>\n<li>Azan Index\u00a0<b>\u00ae<\/b><\/li>\n<li>D\u00fcnya \u00e7ap\u0131nda namaz vakitleri<\/li>\n<li>K\u0131ble y\u00f6n\u00fc (Saat \u0130bresi arac\u0131l\u0131\u011f\u0131yla)<\/li>\n<li>G\u00fcnl\u00fck alarm ve dua alarmlar\u0131<\/li>\n<li>Arap\u00e7a\/\u0130ngilizce dil<\/li>\n<li>Hicri ve Miladi Takvimler.<\/li>\n<li>Su ge\u00e7irmez<\/li>\n<li>Saat malzemesi: Paslanmaz \u00e7elik<\/li>\n<li>Bant malzemesi: Deri<\/li>\n<li>Ekran tipi: Analog ve Dijital<\/li>\n<li>Garanti: 2 Y\u0131l<\/li>\n<\/ul>\n<h2>Boyutlar:<\/h2>\n<p>44 mm Model numaras\u0131 : WW-22L<\/p>\n<ul>\n<li>Kasa \u00e7ap\u0131: 40 mm<\/li>\n<li>Kasa Kal\u0131nl\u0131\u011f\u0131: 13,8 mm<\/li>\n<li>Bant geni\u015fli\u011fi: 22 mm<\/li>\n<\/ul>\n","protected":false},"excerpt":{"rendered":"<div class=\"product-short-description\">316 kalite \u00e7elik, yans\u0131ma \u00f6nleyici safir cam, dijital ta\u00e7 ve deri kay\u0131\u015ftan yap\u0131lm\u0131\u015f senkronize analog ve dijital zamana sahip birinci s\u0131n\u0131f saat.<\/div>\n","protected":false},"featured_media":11402,"template":"","meta":[],"product_brand":[],"product_cat":[117,116],"product_tag":[],"class_list":{"0":"post-11410","1":"product","2":"type-product","3":"status-publish","4":"has-post-thumbnail","6":"product_cat-erkek-saatler","7":"product_cat-kol-saati","9":"first","10":"instock","11":"taxable","12":"shipping-taxable","13":"purchasable","14":"product-type-simple"},"_links":{"self":[{"href":"https:\/\/alfajrsaat.com\/tr\/wp-json\/wp\/v2\/product\/11410","targetHints":{"allow":["GET"]}}],"collection":[{"href":"https:\/\/alfajrsaat.com\/tr\/wp-json\/wp\/v2\/product"}],"about":[{"href":"https:\/\/alfajrsaat.com\/tr\/wp-json\/wp\/v2\/types\/product"}],"wp:featuredmedia":[{"embeddable":true,"href":"https:\/\/alfajrsaat.com\/tr\/wp-json\/wp\/v2\/media\/11402"}],"wp:attachment":[{"href":"https:\/\/alfajrsaat.com\/tr\/wp-json\/wp\/v2\/media?parent=11410"}],"wp:term":[{"taxonomy":"product_brand","embeddable":true,"href":"https:\/\/alfajrsaat.com\/tr\/wp-json\/wp\/v2\/product_brand?post=11410"},{"taxonomy":"product_cat","embeddable":true,"href":"https:\/\/alfajrsaat.com\/tr\/wp-json\/wp\/v2\/product_cat?post=11410"},{"taxonomy":"product_tag","embeddable":true,"href":"https:\/\/alfajrsaat.com\/tr\/wp-json\/wp\/v2\/product_tag?post=11410"}],"curies":[{"name":"wp","href":"https:\/\/api.w.org\/{rel}","templated":true}]}}