{"id":11394,"date":"2023-06-01T13:44:35","date_gmt":"2023-06-01T13:44:35","guid":{"rendered":"https:\/\/alfajrsaat.com\/product\/premier-360\/"},"modified":"2023-06-01T14:59:02","modified_gmt":"2023-06-01T14:59:02","slug":"premier-360","status":"publish","type":"product","link":"https:\/\/alfajrsaat.com\/tr\/product\/premier-360\/","title":{"rendered":"Premier 360"},"content":{"rendered":"<div class=\"product-short-description\">\n<h3><strong>\u00d6zellikler:<\/strong><\/h3>\n<ul>\n<li>Ezan Dizini \u00ae<\/li>\n<li>D\u00fcnya \u00e7ap\u0131nda namaz vakitleri<\/li>\n<li>K\u0131ble y\u00f6n\u00fc (Saat \u0130bresi arac\u0131l\u0131\u011f\u0131yla)<\/li>\n<li>G\u00fcnl\u00fck alarm ve dua alarmlar\u0131<\/li>\n<li>Arap\u00e7a\/\u0130ngilizce dil<\/li>\n<li>Hicri ve Miladi Takvimler.<\/li>\n<li>Su ge\u00e7irmez<\/li>\n<li>Saat malzemesi: Paslanmaz \u00e7elik<\/li>\n<li>Bant malzemesi: Paslanmaz \u00e7elik<\/li>\n<li>Ekran tipi: Analog ve Dijital<\/li>\n<li>Alfajr Garantisi: 2 Y\u0131l<\/li>\n<\/ul>\n<h3><strong>Boyutlar:<\/strong><\/h3>\n<p>Model numaras\u0131 (44 mm): WW-22s<\/p>\n<ul>\n<li>Kasa \u00e7ap\u0131: 44 mm<\/li>\n<li>Kasa Kal\u0131nl\u0131\u011f\u0131: 13,8 mm<\/li>\n<li>Bant geni\u015fli\u011fi: 22 mm<\/li>\n<\/ul>\n<\/div>\n","protected":false},"excerpt":{"rendered":"<div class=\"product-short-description\">\n<div class=\"product-short-description\">\n<p>316 kalite \u00e7elik, yans\u0131ma \u00f6nleyici safir cam, dijital ta\u00e7 ve paslanmaz \u00e7elik kordondan yap\u0131lm\u0131\u015f senkronize analog ve dijital zamana sahip Alfajr Premier saat.<\/p>\n<\/div>\n<\/div>\n","protected":false},"featured_media":11390,"template":"","meta":[],"product_brand":[],"product_cat":[117,116],"product_tag":[],"class_list":{"0":"post-11394","1":"product","2":"type-product","3":"status-publish","4":"has-post-thumbnail","6":"product_cat-erkek-saatler","7":"product_cat-kol-saati","9":"first","10":"instock","11":"taxable","12":"shipping-taxable","13":"purchasable","14":"product-type-simple"},"_links":{"self":[{"href":"https:\/\/alfajrsaat.com\/tr\/wp-json\/wp\/v2\/product\/11394","targetHints":{"allow":["GET"]}}],"collection":[{"href":"https:\/\/alfajrsaat.com\/tr\/wp-json\/wp\/v2\/product"}],"about":[{"href":"https:\/\/alfajrsaat.com\/tr\/wp-json\/wp\/v2\/types\/product"}],"wp:featuredmedia":[{"embeddable":true,"href":"https:\/\/alfajrsaat.com\/tr\/wp-json\/wp\/v2\/media\/11390"}],"wp:attachment":[{"href":"https:\/\/alfajrsaat.com\/tr\/wp-json\/wp\/v2\/media?parent=11394"}],"wp:term":[{"taxonomy":"product_brand","embeddable":true,"href":"https:\/\/alfajrsaat.com\/tr\/wp-json\/wp\/v2\/product_brand?post=11394"},{"taxonomy":"product_cat","embeddable":true,"href":"https:\/\/alfajrsaat.com\/tr\/wp-json\/wp\/v2\/product_cat?post=11394"},{"taxonomy":"product_tag","embeddable":true,"href":"https:\/\/alfajrsaat.com\/tr\/wp-json\/wp\/v2\/product_tag?post=11394"}],"curies":[{"name":"wp","href":"https:\/\/api.w.org\/{rel}","templated":true}]}}