{"id":10312,"date":"2021-10-27T13:26:28","date_gmt":"2021-10-28T10:31:34","guid":{"rendered":"http:\/\/alfajr.local\/?post_type=product&#038;p=10312"},"modified":"2023-06-08T09:30:17","modified_gmt":"2023-06-08T09:30:17","slug":"dynamic-watch-360-leather","status":"publish","type":"product","link":"https:\/\/alfajrsaat.com\/tr\/product\/dynamic-watch-360-leather\/","title":{"rendered":"D\u0130NAM\u0130K SAAT 360 DER\u0130"},"content":{"rendered":"<p>Senkronize analog ve dijital saate sahip, tarih ve namaz vakitlerini g\u00f6steren, 316 kalite \u00e7elik, yans\u0131ma \u00f6nleyici safir cam, dijital kurma kolu ve deri kay\u0131\u015ftan olu\u015fan dinamik saat.<\/p>\n<p>\u00d6zellikleri:<\/p>\n<p>ezan dizini<br \/>\nD\u00fcnya \u00e7ap\u0131nda namaz vakitleri<br \/>\nK\u0131ble y\u00f6n\u00fc (Watch Hands arac\u0131l\u0131\u011f\u0131yla)<br \/>\nG\u00fcnl\u00fck alarm ve dua alarmlar\u0131<br \/>\nArap\u00e7a\/\u0130ngilizce dili<br \/>\nHicri ve Miladi Takvimler.<br \/>\nSu ge\u00e7irmez<br \/>\n\u0130zle \u015fekli: yuvarlak<br \/>\nSaat malzemesi : Paslanmaz \u00e7elik<br \/>\nBant malzemesi: deri<br \/>\nEkran tipi : analog-dijital<br \/>\nBoyutlar:<\/p>\n<p>Kasa \u00e7ap\u0131: 44 mm<br \/>\nKasa Kal\u0131nl\u0131\u011f\u0131: 13,8 mm<br \/>\nBant geni\u015fli\u011fi: 24 mm<br \/>\nBant rengi: Kahverengi<br \/>\nKasa Rengi: G\u00fcm\u00fc\u015f<br \/>\nModel numaras\u0131 : WH-24<\/p>\n","protected":false},"excerpt":{"rendered":"<p>Senkronize analog ve dijital saate sahip, tarih ve namaz vakitlerini g\u00f6steren, 316 kalite \u00e7elik, yans\u0131ma \u00f6nleyici safir cam, dijital kurma kolu ve deri kay\u0131\u015ftan olu\u015fan dinamik saat.<\/p>\n","protected":false},"featured_media":10960,"template":"","meta":[],"product_brand":[],"product_cat":[117,116],"product_tag":[],"class_list":{"0":"post-10312","1":"product","2":"type-product","3":"status-publish","4":"has-post-thumbnail","6":"product_cat-erkek-saatler","7":"product_cat-kol-saati","8":"pa_color-gumus","9":"pa_color-siyah","11":"first","12":"instock","13":"taxable","14":"shipping-taxable","15":"purchasable","16":"product-type-variable"},"_links":{"self":[{"href":"https:\/\/alfajrsaat.com\/tr\/wp-json\/wp\/v2\/product\/10312","targetHints":{"allow":["GET"]}}],"collection":[{"href":"https:\/\/alfajrsaat.com\/tr\/wp-json\/wp\/v2\/product"}],"about":[{"href":"https:\/\/alfajrsaat.com\/tr\/wp-json\/wp\/v2\/types\/product"}],"wp:featuredmedia":[{"embeddable":true,"href":"https:\/\/alfajrsaat.com\/tr\/wp-json\/wp\/v2\/media\/10960"}],"wp:attachment":[{"href":"https:\/\/alfajrsaat.com\/tr\/wp-json\/wp\/v2\/media?parent=10312"}],"wp:term":[{"taxonomy":"product_brand","embeddable":true,"href":"https:\/\/alfajrsaat.com\/tr\/wp-json\/wp\/v2\/product_brand?post=10312"},{"taxonomy":"product_cat","embeddable":true,"href":"https:\/\/alfajrsaat.com\/tr\/wp-json\/wp\/v2\/product_cat?post=10312"},{"taxonomy":"product_tag","embeddable":true,"href":"https:\/\/alfajrsaat.com\/tr\/wp-json\/wp\/v2\/product_tag?post=10312"}],"curies":[{"name":"wp","href":"https:\/\/api.w.org\/{rel}","templated":true}]}}