{"id":10272,"date":"2021-10-27T13:26:28","date_gmt":"2021-10-28T09:47:49","guid":{"rendered":"http:\/\/alfajr.local\/?post_type=product&#038;p=10272"},"modified":"2026-01-18T09:11:56","modified_gmt":"2026-01-18T09:11:56","slug":"classic-watch-wl-08l","status":"publish","type":"product","link":"https:\/\/alfajrsaat.com\/tr\/product\/classic-watch-wl-08l\/","title":{"rendered":"KLASIK SAAT WL-08L"},"content":{"rendered":"<p><strong>EZAN SAAT\u0130<\/strong><\/p>\n<p><strong>(d\u00fcnyadaki t\u00fcm \u015fehirler i\u00e7in):<\/strong><\/p>\n<ul>\n<li>T\u00fcm saat modellerimiz, t\u00fcm namaz vakitleri (fecr ezan dahil) i\u00e7in y\u00fcksek kaliteli dijital ezan ses kontrol\u00fc ile donat\u0131lm\u0131\u015ft\u0131r.<\/li>\n<li>Ezan vakitleri\u00a0\u00a0d\u00fcnyadaki t\u00fcm \u015fehirler i\u00e7in do\u011fru \u015fekilde hesaplan\u0131r.<\/li>\n<li>ALFAJR, \u015fehriniz i\u00e7in yerel takvim veya en \u00e7ok kullan\u0131lan takvim sistemini kullan\u0131r. Di\u011fer standart takvim sistemleri de mevcuttur.<\/li>\n<\/ul>\n<p><strong>Dua Hat\u0131rlatmas\u0131:\u00a0<\/strong><\/p>\n<p>Alt\u0131 dua hat\u0131rlatma alarm\u0131 ba\u011f\u0131ms\u0131z olarak her bir ezandan \u00f6nce veya sonra \u00e7alacak \u015fekilde ayarlanabilir.T\u00fcm dua hat\u0131rlatma alarmlar\u0131, ezan zamanlar\u0131n\u0131n de\u011fi\u015fimine g\u00f6re otomatik olarak de\u011fi\u015fecektir.<\/p>\n<p><strong>G\u00fcnl\u00fck Alarm:<\/strong><\/p>\n<p>Dua alarmlar\u0131na ek olarak g\u00fcnl\u00fck alarmlar da mevcuttur.<\/p>\n<p><strong>K\u0131ble Y\u00f6n\u00fc Bulma:<\/strong><\/p>\n<p>K\u0131ble y\u00f6n\u00fc (Kuzey G\u00fcne\u015f veya Ay\u2019a g\u00f6re) g\u00f6r\u00fcnt\u00fclenebilir.<\/p>\n<p><strong>Hicri ve Miladi Takvim Se\u00e7ene\u011fi:<\/strong><\/p>\n<p>Miladi veya Hicri takvim g\u00f6r\u00fcnt\u00fclenebilir.<\/p>\n<p>Hicri takvim, Gregoryen tarihi takip eder ve Mekke\u2019deki astronomik ay g\u00f6r\u00fc\u015f\u00fcne dayan\u0131r.<\/p>\n<p><strong>Di\u011fer Se\u00e7enekler:<\/strong><\/p>\n<ul>\n<li>\u0130ki dilde ekran g\u00f6r\u00fcnt\u00fcs\u00fc: Arap\u00e7a ve \u0130ngilizce<\/li>\n<li>12 saat(AM\/PM) veya 24 saat format\u0131nda g\u00f6r\u00fcnteleme \u00f6zelli\u011fi<\/li>\n<li>Mevcut ezandan sonra dakika say\u0131s\u0131n\u0131 g\u00f6sterebilir (30 dakikaya kadar)<\/li>\n<li>Kronometre<\/li>\n<li>Yaz saati se\u00e7ene\u011fi<\/li>\n<li>Pil seviyesi g\u00f6stergesi<\/li>\n<\/ul>\n<p><strong><em>KARGO TESL\u0130M UYARISI :<\/em><\/strong><\/p>\n<p><strong><em>Sipari\u015f paketi kargo g\u00f6revlisinin yan\u0131nda a\u00e7\u0131lmal\u0131 ve kontrol edilmelidir.<\/em><\/strong><\/p>\n<p><strong><em>\u00dcr\u00fcn\u00fcn hasarl\u0131 veya eksik \u00e7\u0131kmas\u0131 durumunda kargo g\u00f6revlisine (Hasarl\u0131 \u00dcr\u00fcn Tespit Tutana\u011f\u0131) haz\u0131rlat\u0131lmal\u0131d\u0131r.<\/em><\/strong><\/p>\n<p><strong><em>TUTANAK TUTULMAMI\u015e H\u0130\u00c7B\u0130R HASARLI ve EKS\u0130K \u00dcR\u00dcN B\u0130LD\u0130R\u0130M\u0130 D\u0130KKATE ALINMAYACAKTIR.<\/em><\/strong><\/p>\n","protected":false},"excerpt":{"rendered":"<p class=\"product-desc\">\u00d6ZELL\u0130KLER: ALFAJR\u2019\u0131n Dijital saat modeli dikd\u00f6rtgen paslanmaz \u00e7elik kasa ile siyah hakiki deri kay\u0131\u015f. \u00c7izilmeye kar\u015f\u0131 dayan\u0131kl\u0131 cam, suya dayan\u0131kl\u0131 ve 2 y\u0131l garantilidir. Kristal FSTN LCD.<\/p>\n","protected":false},"featured_media":11888,"template":"","meta":[],"product_brand":[],"product_cat":[117,116],"product_tag":[],"class_list":{"0":"post-10272","1":"product","2":"type-product","3":"status-publish","4":"has-post-thumbnail","6":"product_cat-erkek-saatler","7":"product_cat-kol-saati","8":"pa_color-gumus","9":"pa_color-kahverengi","10":"pa_color-siyah-altin","12":"first","13":"instock","14":"taxable","15":"shipping-taxable","16":"purchasable","17":"product-type-variable"},"_links":{"self":[{"href":"https:\/\/alfajrsaat.com\/tr\/wp-json\/wp\/v2\/product\/10272","targetHints":{"allow":["GET"]}}],"collection":[{"href":"https:\/\/alfajrsaat.com\/tr\/wp-json\/wp\/v2\/product"}],"about":[{"href":"https:\/\/alfajrsaat.com\/tr\/wp-json\/wp\/v2\/types\/product"}],"wp:featuredmedia":[{"embeddable":true,"href":"https:\/\/alfajrsaat.com\/tr\/wp-json\/wp\/v2\/media\/11888"}],"wp:attachment":[{"href":"https:\/\/alfajrsaat.com\/tr\/wp-json\/wp\/v2\/media?parent=10272"}],"wp:term":[{"taxonomy":"product_brand","embeddable":true,"href":"https:\/\/alfajrsaat.com\/tr\/wp-json\/wp\/v2\/product_brand?post=10272"},{"taxonomy":"product_cat","embeddable":true,"href":"https:\/\/alfajrsaat.com\/tr\/wp-json\/wp\/v2\/product_cat?post=10272"},{"taxonomy":"product_tag","embeddable":true,"href":"https:\/\/alfajrsaat.com\/tr\/wp-json\/wp\/v2\/product_tag?post=10272"}],"curies":[{"name":"wp","href":"https:\/\/api.w.org\/{rel}","templated":true}]}}