{"id":10214,"date":"2021-10-27T13:26:46","date_gmt":"2021-10-28T09:24:42","guid":{"rendered":"http:\/\/alfajr.local\/?post_type=product&#038;p=10214"},"modified":"2025-12-13T14:47:48","modified_gmt":"2025-12-13T14:47:48","slug":"table-clock-cs-13","status":"publish","type":"product","link":"https:\/\/alfajrsaat.com\/tr\/product\/table-clock-cs-13\/","title":{"rendered":"MASA SAATI CS-13"},"content":{"rendered":"<p>Ofis ve seyahat i\u00e7in ideal, Tam Ekran I\u015f\u0131kl\u0131 kompakt boyutlu masa saati.<\/p>\n<p>\u00d6ZELL\u0130KLER\u0130:<\/p>\n<p>D\u00fcnya \u00e7ap\u0131nda Namaz vakitleri<br \/>\nOtomatik Sabah Namaz\u0131 Alarm\u0131<br \/>\nArap\u00e7a\/\u0130ngilizce Dili<br \/>\nHicri ve Miladi Takvimler<br \/>\nS\u0131cakl\u0131k G\u00f6stergesi<br \/>\nTam Ekran I\u015f\u0131\u011f\u0131<br \/>\nDahili Alarm : Var<br \/>\nEkran Tipi : Dijital<br \/>\nBOYUTLAR:<\/p>\n<p>LCD: 9 cm<br \/>\nUzunluk: 9,5 cm, Y\u00fckseklik: 12 cm<\/p>\n","protected":false},"excerpt":{"rendered":"<p>Tam Ekran I\u015f\u0131kl\u0131 kompakt boyutlu masa saati, ofis ve seyahat i\u00e7in ideal<\/p>\n","protected":false},"featured_media":11027,"template":"","meta":[],"product_brand":[],"product_cat":[122],"product_tag":[],"class_list":{"0":"post-10214","1":"product","2":"type-product","3":"status-publish","4":"has-post-thumbnail","6":"product_cat-ezan-saatleri","7":"pa_color-gri","9":"first","10":"instock","11":"taxable","12":"shipping-taxable","13":"purchasable","14":"product-type-simple"},"_links":{"self":[{"href":"https:\/\/alfajrsaat.com\/tr\/wp-json\/wp\/v2\/product\/10214","targetHints":{"allow":["GET"]}}],"collection":[{"href":"https:\/\/alfajrsaat.com\/tr\/wp-json\/wp\/v2\/product"}],"about":[{"href":"https:\/\/alfajrsaat.com\/tr\/wp-json\/wp\/v2\/types\/product"}],"wp:featuredmedia":[{"embeddable":true,"href":"https:\/\/alfajrsaat.com\/tr\/wp-json\/wp\/v2\/media\/11027"}],"wp:attachment":[{"href":"https:\/\/alfajrsaat.com\/tr\/wp-json\/wp\/v2\/media?parent=10214"}],"wp:term":[{"taxonomy":"product_brand","embeddable":true,"href":"https:\/\/alfajrsaat.com\/tr\/wp-json\/wp\/v2\/product_brand?post=10214"},{"taxonomy":"product_cat","embeddable":true,"href":"https:\/\/alfajrsaat.com\/tr\/wp-json\/wp\/v2\/product_cat?post=10214"},{"taxonomy":"product_tag","embeddable":true,"href":"https:\/\/alfajrsaat.com\/tr\/wp-json\/wp\/v2\/product_tag?post=10214"}],"curies":[{"name":"wp","href":"https:\/\/api.w.org\/{rel}","templated":true}]}}