{"id":10206,"date":"2021-10-27T13:26:46","date_gmt":"2021-10-28T08:52:13","guid":{"rendered":"http:\/\/alfajr.local\/?post_type=product&#038;p=10206"},"modified":"2024-02-11T13:47:39","modified_gmt":"2024-02-11T13:47:39","slug":"wall-clock-cw-15","status":"publish","type":"product","link":"https:\/\/alfajrsaat.com\/tr\/product\/wall-clock-cw-15\/","title":{"rendered":"DUVAR SAATI CW-15"},"content":{"rendered":"<p><strong>EZAN SAATLER\u0130<\/strong><\/p>\n<p><em><strong>(d\u00fcnyadaki t\u00fcm \u015fehirler i\u00e7in):<\/strong><\/em><\/p>\n<ul>\n<li>T\u00fcm saat modellerimiz, t\u00fcm namaz vakitleri (fecr ezan dahil) i\u00e7in y\u00fcksek kaliteli dijital ezan ses kontrol\u00fc ile donat\u0131lm\u0131\u015ft\u0131r.<\/li>\n<li>Ezan vakitleri \u00a0d\u00fcnyadaki t\u00fcm \u015fehirler i\u00e7in do\u011fru \u015fekilde hesaplan\u0131r.<\/li>\n<li>ALFAJR, \u015fehriniz i\u00e7in yerel takvim veya en \u00e7ok kullan\u0131lan takvim sistemini kullan\u0131r.Di\u011fer standart takvim sistemleri de mevcuttur.<\/li>\n<\/ul>\n<p><em><strong>OTOMAT\u0130K FECR ALARMI:<\/strong><\/em><\/p>\n<p>Bu e\u015fsiz \u00f6zellik ile, fecir ezana g\u00f6re her g\u00fcn ayn\u0131 zamanda uyanman\u0131z\u0131 sa\u011flar. \u00d6rne\u011fin, alarm\u0131 5:00\u2019e ayarlad\u0131\u011f\u0131n\u0131z\u0131 varsayal\u0131m. Ertesi g\u00fcn, e\u011fer fecir ezan\u0131 5:01 a.m. olursa, otomatik olarak bu alarm 5:01 a.m. olarak de\u011fi\u015fir.<\/p>\n<p><em><strong>G\u00dcNL\u00dcK ALARM:<\/strong><\/em><\/p>\n<p>G\u00fcnl\u00fck alarm, her g\u00fcn ayn\u0131 saatte \u00e7alan bir alarmd\u0131r.Ayr\u0131ca, bu alarm hafta sonlar\u0131 \u00e7almaz.<\/p>\n<p><em><strong>KIBLE Y\u00d6N\u00dc:<\/strong><\/em><\/p>\n<p>K\u0131ble y\u00f6n\u00fc (Kuzey\u2019e g\u00f6re) g\u00f6r\u00fcnt\u00fclenebilir.<\/p>\n<p><em><strong>H\u0130CR\u0130 VE M\u0130LAD\u0130 TAKV\u0130M SE\u00c7ENE\u011e\u0130:<\/strong><\/em><\/p>\n<p>Miladi veya Hicri takvim g\u00f6r\u00fcnt\u00fclenebilir.<\/p>\n<p>Hicri takvim, Gregoryen tarihi takip eder ve Mekke\u2019deki astronomik ay g\u00f6r\u00fc\u015f\u00fcne dayan\u0131r.<\/p>\n<p><em><strong>SICAKLIK G\u00d6STER\u0130\u011e\u0130:<\/strong><\/em><\/p>\n<p>Santigrat cinsinden (\u00b0 C) s\u0131cakl\u0131k g\u00f6r\u00fcnt\u00fclenir.<\/p>\n<p><em><strong>D\u0130\u011eER SE\u00c7ENEKLER:<\/strong><\/em><\/p>\n<ul>\n<li>Yaz Saati Uygulamas\u0131 (bu sistemi kullanan \u00fclkeler i\u00e7in)<\/li>\n<li>Dua hat\u0131rlat\u0131c\u0131s\u0131 (ezan sesi kapand\u0131\u011f\u0131nda).<\/li>\n<li>Fecir ve g\u00fcnl\u00fck alarmlara ek olarak, ALFAJR saatinde ek alarm kurulabilir. \u00d6zel randevular i\u00e7in \u00e7almak \u00fczere ayarlanabilir.<\/li>\n<li>Kre\u015fendo sesi: T\u00fcm alarmlar yava\u015f yava\u015f artan soft uyand\u0131rma sesine sahiptir.<\/li>\n<\/ul>\n","protected":false},"excerpt":{"rendered":"<p class=\"product-desc\">Geni\u015f LCD ekran. Y\u00fcksek kaliteli ezan sesi. S\u0131cakl\u0131k g\u00f6stergesi. Duvara monte edilebilir ve masaya yerle\u015ftirilebilir. DC 6 Volt harici giri\u015f. D\u0131\u015f hoparl\u00f6r jak. 2 y\u0131l garanti s\u00fcresi.<\/p>\n","protected":false},"featured_media":11012,"template":"","meta":[],"product_brand":[],"product_cat":[122],"product_tag":[],"class_list":{"0":"post-10206","1":"product","2":"type-product","3":"status-publish","4":"has-post-thumbnail","6":"product_cat-ezan-saatleri","7":"pa_color-gumus","9":"first","10":"instock","11":"taxable","12":"shipping-taxable","13":"purchasable","14":"product-type-simple"},"_links":{"self":[{"href":"https:\/\/alfajrsaat.com\/tr\/wp-json\/wp\/v2\/product\/10206","targetHints":{"allow":["GET"]}}],"collection":[{"href":"https:\/\/alfajrsaat.com\/tr\/wp-json\/wp\/v2\/product"}],"about":[{"href":"https:\/\/alfajrsaat.com\/tr\/wp-json\/wp\/v2\/types\/product"}],"wp:featuredmedia":[{"embeddable":true,"href":"https:\/\/alfajrsaat.com\/tr\/wp-json\/wp\/v2\/media\/11012"}],"wp:attachment":[{"href":"https:\/\/alfajrsaat.com\/tr\/wp-json\/wp\/v2\/media?parent=10206"}],"wp:term":[{"taxonomy":"product_brand","embeddable":true,"href":"https:\/\/alfajrsaat.com\/tr\/wp-json\/wp\/v2\/product_brand?post=10206"},{"taxonomy":"product_cat","embeddable":true,"href":"https:\/\/alfajrsaat.com\/tr\/wp-json\/wp\/v2\/product_cat?post=10206"},{"taxonomy":"product_tag","embeddable":true,"href":"https:\/\/alfajrsaat.com\/tr\/wp-json\/wp\/v2\/product_tag?post=10206"}],"curies":[{"name":"wp","href":"https:\/\/api.w.org\/{rel}","templated":true}]}}