{"id":10203,"date":"2021-10-27T13:26:46","date_gmt":"2021-10-28T08:50:18","guid":{"rendered":"http:\/\/alfajr.local\/?post_type=product&#038;p=10203"},"modified":"2026-04-23T19:17:21","modified_gmt":"2026-04-23T19:17:21","slug":"office-clock-cf-19","status":"publish","type":"product","link":"https:\/\/alfajrsaat.com\/tr\/product\/office-clock-cf-19\/","title":{"rendered":"OFIS SAATI CF-19"},"content":{"rendered":"<p>Al-Fajr&#8217;dan ofis ve duvara uygun modern \u015fekliyle yeni Ezan saati, saati, Hicri ve Gregoryen tarihlerini, bir sonraki ezan vaktini ve di\u011fer baz\u0131 \u00f6zellikleri g\u00f6steren dijital bir ekranla donat\u0131lm\u0131\u015ft\u0131r. Harici hoparl\u00f6rlere de ba\u011flanabilir.<\/p>\n<p>Saat \u00f6zellikleri:<\/p>\n<p>D\u00fcnyan\u0131n her yerinde ezan vakitleri<br \/>\n(Mekke, Medine, Kud\u00fcs, M\u0131s\u0131r, Riyad) Birden \u00e7ok ses ile ezan<br \/>\nSabah namaz\u0131 i\u00e7in otomatik alarm<br \/>\nHicri ve Gregoryen takvimi<br \/>\nEkran dili Arap\u00e7a ve \u0130ngilizce&#8217;dir<br \/>\nS\u0131cakl\u0131k \u00d6l\u00e7e\u011fi<br \/>\nEkran tipi: dijital<br \/>\n\u00d6l\u00e7\u00fcmleri izle:<\/p>\n<p>Geni\u015flik: 20.5cm, Y\u00fckseklik: 16cm<br \/>\nEkran: 19,5 cm (7,7 in\u00e7)<\/p>\n","protected":false},"excerpt":{"rendered":"<p>B\u00fcy\u00fck ekranl\u0131 bir masa \/ duvar saati ve harici hoparl\u00f6rlere de ba\u011flanabilir<\/p>\n","protected":false},"featured_media":11075,"template":"","meta":[],"product_brand":[],"product_cat":[122],"product_tag":[],"class_list":{"0":"post-10203","1":"product","2":"type-product","3":"status-publish","4":"has-post-thumbnail","6":"product_cat-ezan-saatleri","7":"pa_color-beyaz","8":"pa_color-siyah","10":"first","11":"instock","12":"taxable","13":"shipping-taxable","14":"purchasable","15":"product-type-variable"},"_links":{"self":[{"href":"https:\/\/alfajrsaat.com\/tr\/wp-json\/wp\/v2\/product\/10203","targetHints":{"allow":["GET"]}}],"collection":[{"href":"https:\/\/alfajrsaat.com\/tr\/wp-json\/wp\/v2\/product"}],"about":[{"href":"https:\/\/alfajrsaat.com\/tr\/wp-json\/wp\/v2\/types\/product"}],"wp:featuredmedia":[{"embeddable":true,"href":"https:\/\/alfajrsaat.com\/tr\/wp-json\/wp\/v2\/media\/11075"}],"wp:attachment":[{"href":"https:\/\/alfajrsaat.com\/tr\/wp-json\/wp\/v2\/media?parent=10203"}],"wp:term":[{"taxonomy":"product_brand","embeddable":true,"href":"https:\/\/alfajrsaat.com\/tr\/wp-json\/wp\/v2\/product_brand?post=10203"},{"taxonomy":"product_cat","embeddable":true,"href":"https:\/\/alfajrsaat.com\/tr\/wp-json\/wp\/v2\/product_cat?post=10203"},{"taxonomy":"product_tag","embeddable":true,"href":"https:\/\/alfajrsaat.com\/tr\/wp-json\/wp\/v2\/product_tag?post=10203"}],"curies":[{"name":"wp","href":"https:\/\/api.w.org\/{rel}","templated":true}]}}