{"id":10197,"date":"2021-10-27T13:26:46","date_gmt":"2021-10-28T08:46:58","guid":{"rendered":"http:\/\/alfajr.local\/?post_type=product&#038;p=10197"},"modified":"2026-04-11T15:28:36","modified_gmt":"2026-04-11T15:28:36","slug":"wall-clock-cj-17","status":"publish","type":"product","link":"https:\/\/alfajrsaat.com\/tr\/product\/wall-clock-cj-17\/","title":{"rendered":"Duvar Saati CJ-17"},"content":{"rendered":"<p>15 in\u00e7 ekranl\u0131 b\u00fcy\u00fck duvar saati, birden fazla ezan (Mekki &#8211; Medine &#8211; Kud\u00fcs &#8211; M\u0131s\u0131r &#8211; Riyad) D\u00fcnyadaki t\u00fcm \u015fehirler i\u00e7in Ezan saatleri.<\/p>\n<p>Saat \u00f6zellikleri:<\/p>\n<p>Birden \u00e7ok seste ezan<br \/>\nSabah namaz\u0131 i\u00e7in otomatik alarm<br \/>\nHicri ve Gregoryen takvimi<br \/>\nDahili alarm: Evet<br \/>\nEkran tipi: dijital<br \/>\n\u00d6l\u00e7\u00fcmleri izle:<\/p>\n<p>Ekran: 38 cm (15 in\u00e7)<br \/>\nGeni\u015flik: 37 cm, Y\u00fckseklik: 24,5 cm<\/p>\n","protected":false},"excerpt":{"rendered":"<p>15 in\u00e7 ekranl\u0131 b\u00fcy\u00fck duvar saati, \u00e7oklu ezan (Mekki &#8211; Medeni &#8211; Kud\u00fcs &#8211; M\u0131s\u0131r &#8211; Riyad) D\u00fcnyadaki t\u00fcm \u015fehirler i\u00e7in ezan vakitleri<\/p>\n","protected":false},"featured_media":10996,"template":"","meta":[],"product_brand":[],"product_cat":[122],"product_tag":[],"class_list":{"0":"post-10197","1":"product","2":"type-product","3":"status-publish","4":"has-post-thumbnail","6":"product_cat-ezan-saatleri","7":"pa_color-gri","8":"pa_color-siyah","10":"first","11":"instock","12":"taxable","13":"shipping-taxable","14":"purchasable","15":"product-type-variable"},"_links":{"self":[{"href":"https:\/\/alfajrsaat.com\/tr\/wp-json\/wp\/v2\/product\/10197","targetHints":{"allow":["GET"]}}],"collection":[{"href":"https:\/\/alfajrsaat.com\/tr\/wp-json\/wp\/v2\/product"}],"about":[{"href":"https:\/\/alfajrsaat.com\/tr\/wp-json\/wp\/v2\/types\/product"}],"wp:featuredmedia":[{"embeddable":true,"href":"https:\/\/alfajrsaat.com\/tr\/wp-json\/wp\/v2\/media\/10996"}],"wp:attachment":[{"href":"https:\/\/alfajrsaat.com\/tr\/wp-json\/wp\/v2\/media?parent=10197"}],"wp:term":[{"taxonomy":"product_brand","embeddable":true,"href":"https:\/\/alfajrsaat.com\/tr\/wp-json\/wp\/v2\/product_brand?post=10197"},{"taxonomy":"product_cat","embeddable":true,"href":"https:\/\/alfajrsaat.com\/tr\/wp-json\/wp\/v2\/product_cat?post=10197"},{"taxonomy":"product_tag","embeddable":true,"href":"https:\/\/alfajrsaat.com\/tr\/wp-json\/wp\/v2\/product_tag?post=10197"}],"curies":[{"name":"wp","href":"https:\/\/api.w.org\/{rel}","templated":true}]}}