{"id":11295,"date":"2023-04-17T13:25:35","date_gmt":"2023-04-17T13:25:35","guid":{"rendered":"https:\/\/alfajrsaat.com\/user-guide\/"},"modified":"2023-04-20T18:18:16","modified_gmt":"2023-04-20T18:18:16","slug":"user-guide","status":"publish","type":"page","link":"https:\/\/alfajrsaat.com\/tr\/user-guide\/","title":{"rendered":"REHBER\u0130"},"content":{"rendered":"<div class=\"wpb-content-wrapper\"><p>[vc_row mobile_bg_img_hidden=&#8221;no&#8221; tablet_bg_img_hidden=&#8221;no&#8221; woodmart_parallax=&#8221;0&#8243; woodmart_gradient_switch=&#8221;no&#8221; row_reverse_mobile=&#8221;0&#8243; row_reverse_tablet=&#8221;0&#8243; woodmart_disable_overflow=&#8221;0&#8243;][vc_column][vc_column_text woodmart_inline=&#8221;no&#8221; text_larger=&#8221;no&#8221;]<\/p>\n<h2 style=\"text-align: center;\">ALFAJR SAAT<\/h2>\n<p>[\/vc_column_text][vc_single_image image=&#8221;11211&#8243; img_size=&#8221;medium&#8221; alignment=&#8221;center&#8221; woodmart_inline=&#8221;no&#8221; parallax_scroll=&#8221;no&#8221;][\/vc_column][\/vc_row][vc_row][vc_column width=&#8221;1\/4&#8243;][vc_single_image image=&#8221;11002&#8243; img_size=&#8221;300*300&#8243; alignment=&#8221;center&#8221; woodmart_inline=&#8221;no&#8221; parallax_scroll=&#8221;no&#8221; css=&#8221;.vc_custom_1681741894842{margin-bottom: 0px !important;}&#8221;][vc_column_text woodmart_inline=&#8221;no&#8221; text_larger=&#8221;no&#8221; css=&#8221;.vc_custom_1681741832364{margin-bottom: 20px !important;}&#8221;]<\/p>\n<h4 style=\"text-align: center;\"><strong>Wall Clock CR-23<\/strong><\/h4>\n<p>[\/vc_column_text][vc_btn title=&#8221;KULLAN\u0130C\u0130 REHBER\u0130&#8221; color=&#8221;inverse&#8221; size=&#8221;sm&#8221; align=&#8221;center&#8221; i_icon_fontawesome=&#8221;fas fa-download&#8221; add_icon=&#8221;true&#8221; link=&#8221;url:%2Fwp-content%2Fuploads%2F2023%2F04%2Fclock_ug_v76_en.pdf|target:_blank&#8221;][\/vc_column][vc_column width=&#8221;1\/4&#8243;][vc_single_image image=&#8221;11055&#8243; img_size=&#8221;300*300&#8243; alignment=&#8221;center&#8221; woodmart_inline=&#8221;no&#8221; parallax_scroll=&#8221;no&#8221; css=&#8221;.vc_custom_1681741952311{margin-bottom: 0px !important;}&#8221;][vc_column_text woodmart_inline=&#8221;no&#8221; text_larger=&#8221;no&#8221; css=&#8221;.vc_custom_1681742071146{margin-bottom: 20px !important;}&#8221;]<\/p>\n<h4 style=\"text-align: center;\"><strong>Desk Clock CA-21\u200b<\/strong><\/h4>\n<p>[\/vc_column_text][vc_btn title=&#8221;KULLAN\u0130C\u0130 REHBER\u0130&#8221; color=&#8221;inverse&#8221; size=&#8221;sm&#8221; align=&#8221;center&#8221; i_icon_fontawesome=&#8221;fas fa-download&#8221; add_icon=&#8221;true&#8221; link=&#8221;url:%2Fwp-content%2Fuploads%2F2023%2F04%2Fclock_ug_v76_en.pdf|target:_blank&#8221;][\/vc_column][vc_column width=&#8221;1\/4&#8243;][vc_single_image image=&#8221;10994&#8243; img_size=&#8221;300*300&#8243; alignment=&#8221;center&#8221; woodmart_inline=&#8221;no&#8221; parallax_scroll=&#8221;no&#8221; css=&#8221;.vc_custom_1681741961443{margin-bottom: 0px !important;}&#8221;][vc_column_text woodmart_inline=&#8221;no&#8221; text_larger=&#8221;no&#8221; css=&#8221;.vc_custom_1681742099566{margin-bottom: 20px !important;}&#8221;]<\/p>\n<h4 style=\"text-align: center;\"><strong>Wall Clock CJ-17<\/strong><\/h4>\n<p>[\/vc_column_text][vc_btn title=&#8221;KULLAN\u0130C\u0130 REHBER\u0130&#8221; color=&#8221;inverse&#8221; size=&#8221;sm&#8221; align=&#8221;center&#8221; i_icon_fontawesome=&#8221;fas fa-download&#8221; add_icon=&#8221;true&#8221; link=&#8221;url:%2Fwp-content%2Fuploads%2F2023%2F04%2Fclock_ug_v76_en.pdf|target:_blank&#8221;][\/vc_column][vc_column width=&#8221;1\/4&#8243;][vc_single_image image=&#8221;10997&#8243; img_size=&#8221;300*300&#8243; alignment=&#8221;center&#8221; woodmart_inline=&#8221;no&#8221; parallax_scroll=&#8221;no&#8221; css=&#8221;.vc_custom_1681741970690{margin-bottom: 0px !important;}&#8221;][vc_column_text woodmart_inline=&#8221;no&#8221; text_larger=&#8221;no&#8221; css=&#8221;.vc_custom_1681742128569{margin-bottom: 20px !important;}&#8221;]<\/p>\n<h4 style=\"text-align: center;\"><strong>Wall Clock CJ-07<\/strong><\/h4>\n<p>[\/vc_column_text][vc_btn title=&#8221;KULLAN\u0130C\u0130 REHBER\u0130&#8221; color=&#8221;inverse&#8221; size=&#8221;sm&#8221; align=&#8221;center&#8221; i_icon_fontawesome=&#8221;fas fa-download&#8221; add_icon=&#8221;true&#8221; link=&#8221;url:%2Fwp-content%2Fuploads%2F2023%2F04%2FCJ07CW05CT01CS03_UG.pdf|target:_blank&#8221;][\/vc_column][\/vc_row][vc_row][vc_column width=&#8221;1\/4&#8243;][vc_single_image image=&#8221;11010&#8243; img_size=&#8221;300*300&#8243; alignment=&#8221;center&#8221; woodmart_inline=&#8221;no&#8221; parallax_scroll=&#8221;no&#8221; css=&#8221;.vc_custom_1681742887318{margin-bottom: 0px !important;}&#8221;][vc_column_text woodmart_inline=&#8221;no&#8221; text_larger=&#8221;no&#8221; css=&#8221;.vc_custom_1681742992691{margin-bottom: 20px !important;}&#8221;]<\/p>\n<h4 style=\"text-align: center;\"><strong>Wall Clock CW-15\u200b<\/strong><\/h4>\n<p>[\/vc_column_text][vc_btn title=&#8221;KULLAN\u0130C\u0130 REHBER\u0130&#8221; color=&#8221;inverse&#8221; size=&#8221;sm&#8221; align=&#8221;center&#8221; i_icon_fontawesome=&#8221;fas fa-download&#8221; add_icon=&#8221;true&#8221; link=&#8221;url:%2Fwp-content%2Fuploads%2F2023%2F04%2Fclock_ug_v76_en.pdf|target:_blank&#8221;][\/vc_column][vc_column width=&#8221;1\/4&#8243;][vc_single_image image=&#8221;11085&#8243; img_size=&#8221;300*300&#8243; alignment=&#8221;center&#8221; woodmart_inline=&#8221;no&#8221; parallax_scroll=&#8221;no&#8221; css=&#8221;.vc_custom_1681742915920{margin-bottom: 0px !important;}&#8221;][vc_column_text woodmart_inline=&#8221;no&#8221; text_larger=&#8221;no&#8221; css=&#8221;.vc_custom_1681743020026{margin-bottom: 20px !important;}&#8221;]<\/p>\n<h4 style=\"text-align: center;\"><strong>Desk Clock CF-19\u200b<\/strong><\/h4>\n<p>[\/vc_column_text][vc_btn title=&#8221;KULLAN\u0130C\u0130 REHBER\u0130&#8221; color=&#8221;inverse&#8221; size=&#8221;sm&#8221; align=&#8221;center&#8221; i_icon_fontawesome=&#8221;fas fa-download&#8221; add_icon=&#8221;true&#8221; link=&#8221;url:%2Fwp-content%2Fuploads%2F2023%2F04%2Fclock_ug_v76_en.pdf|target:_blank&#8221;][\/vc_column][vc_column width=&#8221;1\/4&#8243;][vc_single_image image=&#8221;11040&#8243; img_size=&#8221;300*300&#8243; alignment=&#8221;center&#8221; woodmart_inline=&#8221;no&#8221; parallax_scroll=&#8221;no&#8221; css=&#8221;.vc_custom_1681742936815{margin-bottom: 0px !important;}&#8221;][vc_column_text woodmart_inline=&#8221;no&#8221; text_larger=&#8221;no&#8221; css=&#8221;.vc_custom_1681743049362{margin-bottom: 20px !important;}&#8221;]<\/p>\n<h4 style=\"text-align: center;\"><strong>Table Clock CT-11\u200b<\/strong><\/h4>\n<p>[\/vc_column_text][vc_btn title=&#8221;KULLAN\u0130C\u0130 REHBER\u0130&#8221; color=&#8221;inverse&#8221; size=&#8221;sm&#8221; align=&#8221;center&#8221; i_icon_fontawesome=&#8221;fas fa-download&#8221; add_icon=&#8221;true&#8221; link=&#8221;url:%2Fwp-content%2Fuploads%2F2023%2F04%2Fclock_ug_v76_en.pdf|target:_blank&#8221;][\/vc_column][vc_column width=&#8221;1\/4&#8243;][vc_single_image image=&#8221;11025&#8243; img_size=&#8221;300*300&#8243; alignment=&#8221;center&#8221; woodmart_inline=&#8221;no&#8221; parallax_scroll=&#8221;no&#8221; css=&#8221;.vc_custom_1681742958626{margin-bottom: 0px !important;}&#8221;][vc_column_text woodmart_inline=&#8221;no&#8221; text_larger=&#8221;no&#8221; css=&#8221;.vc_custom_1681743076427{margin-bottom: 20px !important;}&#8221;]<\/p>\n<h4 style=\"text-align: center;\"><strong>Table Clock CS-13\u200b<\/strong><\/h4>\n<p>[\/vc_column_text][vc_btn title=&#8221;KULLAN\u0130C\u0130 REHBER\u0130&#8221; color=&#8221;inverse&#8221; size=&#8221;sm&#8221; align=&#8221;center&#8221; i_icon_fontawesome=&#8221;fas fa-download&#8221; add_icon=&#8221;true&#8221; link=&#8221;url:%2Fwp-content%2Fuploads%2F2023%2F04%2Fclock_ug_v76_en.pdf|target:_blank&#8221;][\/vc_column][\/vc_row][vc_row css=&#8221;.vc_custom_1681817249632{margin-top: 5% !important;}&#8221; mobile_bg_img_hidden=&#8221;no&#8221; tablet_bg_img_hidden=&#8221;no&#8221; woodmart_parallax=&#8221;0&#8243; woodmart_gradient_switch=&#8221;no&#8221; row_reverse_mobile=&#8221;0&#8243; row_reverse_tablet=&#8221;0&#8243; woodmart_disable_overflow=&#8221;0&#8243;][vc_column][vc_column_text woodmart_inline=&#8221;no&#8221; text_larger=&#8221;no&#8221;]<\/p>\n<h2 style=\"text-align: center;\">ALFAJR EL SAATLER<\/h2>\n<p>[\/vc_column_text][vc_single_image image=&#8221;11211&#8243; img_size=&#8221;medium&#8221; alignment=&#8221;center&#8221; woodmart_inline=&#8221;no&#8221; parallax_scroll=&#8221;no&#8221;][\/vc_column][\/vc_row][vc_row][vc_column width=&#8221;1\/4&#8243;][vc_single_image image=&#8221;11216&#8243; img_size=&#8221;&#8221; alignment=&#8221;center&#8221; woodmart_inline=&#8221;no&#8221; parallax_scroll=&#8221;no&#8221; css=&#8221;.vc_custom_1681776361329{margin-bottom: 0px !important;}&#8221;][vc_column_text woodmart_inline=&#8221;no&#8221; text_larger=&#8221;no&#8221; css=&#8221;.vc_custom_1681778093725{margin-bottom: 20px !important;}&#8221;]<\/p>\n<h4 style=\"text-align: center;\"><strong>360 Collection<br \/>\nWH-24 \/ WW-22<\/strong><\/h4>\n<p>[\/vc_column_text][vc_btn title=&#8221;KULLAN\u0130C\u0130 REHBER\u0130&#8221; color=&#8221;inverse&#8221; size=&#8221;sm&#8221; align=&#8221;center&#8221; i_icon_fontawesome=&#8221;fas fa-download&#8221; add_icon=&#8221;true&#8221; link=&#8221;url:%2Fwp-content%2Fuploads%2F2023%2F04%2FWWWH_UG_EN.pdf|target:_blank&#8221;][\/vc_column][vc_column width=&#8221;1\/4&#8243;][vc_single_image image=&#8221;11225&#8243; img_size=&#8221;&#8221; alignment=&#8221;center&#8221; woodmart_inline=&#8221;no&#8221; parallax_scroll=&#8221;no&#8221; css=&#8221;.vc_custom_1681776376463{margin-bottom: 0px !important;}&#8221;][vc_column_text woodmart_inline=&#8221;no&#8221; text_larger=&#8221;no&#8221; css=&#8221;.vc_custom_1681778143687{margin-bottom: 20px !important;}&#8221;]<\/p>\n<h4 style=\"text-align: center;\"><strong>Classic Watches<br \/>\nWA-10<\/strong><\/h4>\n<p>[\/vc_column_text][vc_btn title=&#8221;KULLAN\u0130C\u0130 REHBER\u0130&#8221; color=&#8221;inverse&#8221; size=&#8221;sm&#8221; align=&#8221;center&#8221; i_icon_fontawesome=&#8221;fas fa-download&#8221; add_icon=&#8221;true&#8221; link=&#8221;url:%2Fwp-content%2Fuploads%2F2023%2F04%2FWA10-UG.pdf|target:_blank&#8221;][\/vc_column][vc_column width=&#8221;1\/4&#8243;][vc_single_image image=&#8221;11219&#8243; img_size=&#8221;&#8221; alignment=&#8221;center&#8221; woodmart_inline=&#8221;no&#8221; parallax_scroll=&#8221;no&#8221; css=&#8221;.vc_custom_1681776394411{margin-bottom: 0px !important;}&#8221;][vc_column_text woodmart_inline=&#8221;no&#8221; text_larger=&#8221;no&#8221; css=&#8221;.vc_custom_1681778278361{margin-bottom: 20px !important;}&#8221;]<\/p>\n<h4 style=\"text-align: center;\"><strong>Classic Watches<br \/>\nWS-06 \/ WL-08<\/strong><\/h4>\n<p>[\/vc_column_text][vc_btn title=&#8221;KULLAN\u0130C\u0130 REHBER\u0130&#8221; color=&#8221;inverse&#8221; size=&#8221;sm&#8221; align=&#8221;center&#8221; i_icon_fontawesome=&#8221;fas fa-download&#8221; add_icon=&#8221;true&#8221; link=&#8221;url:%2Fwp-content%2Fuploads%2F2023%2F04%2FWS06WF14WL08WR02WT12_UG.pdf|target:_blank&#8221;][\/vc_column][vc_column width=&#8221;1\/4&#8243;][vc_single_image image=&#8221;11222&#8243; img_size=&#8221;&#8221; alignment=&#8221;center&#8221; woodmart_inline=&#8221;no&#8221; parallax_scroll=&#8221;no&#8221; css=&#8221;.vc_custom_1681776414890{margin-bottom: 0px !important;}&#8221;][vc_column_text woodmart_inline=&#8221;no&#8221; text_larger=&#8221;no&#8221; css=&#8221;.vc_custom_1681778423932{margin-bottom: 20px !important;}&#8221;]<\/p>\n<h4 style=\"text-align: center;\"><strong>Classic Watches<br \/>\nWR-02 \/ WF-14<\/strong><\/h4>\n<p>[\/vc_column_text][vc_btn title=&#8221;KULLAN\u0130C\u0130 REHBER\u0130&#8221; color=&#8221;inverse&#8221; size=&#8221;sm&#8221; align=&#8221;center&#8221; i_icon_fontawesome=&#8221;fas fa-download&#8221; add_icon=&#8221;true&#8221; link=&#8221;url:%2Fwp-content%2Fuploads%2F2023%2F04%2FWS06WF14WL08WR02WT12_UG.pdf|target:_blank&#8221;][\/vc_column][\/vc_row][vc_row][vc_column width=&#8221;1\/4&#8243;][vc_single_image image=&#8221;11229&#8243; img_size=&#8221;&#8221; alignment=&#8221;center&#8221; woodmart_inline=&#8221;no&#8221; parallax_scroll=&#8221;no&#8221; css=&#8221;.vc_custom_1681776866285{margin-bottom: 0px !important;}&#8221;][vc_column_text woodmart_inline=&#8221;no&#8221; text_larger=&#8221;no&#8221; css=&#8221;.vc_custom_1681778469168{margin-bottom: 20px !important;}&#8221;]<\/p>\n<h4 style=\"text-align: center;\"><strong>Classic Watches<br \/>\nWT-12 \/ WP-04<\/strong><\/h4>\n<p>[\/vc_column_text][vc_btn title=&#8221;KULLAN\u0130C\u0130 REHBER\u0130&#8221; color=&#8221;inverse&#8221; size=&#8221;sm&#8221; align=&#8221;center&#8221; i_icon_fontawesome=&#8221;fas fa-download&#8221; add_icon=&#8221;true&#8221; link=&#8221;url:%2Fwp-content%2Fuploads%2F2023%2F04%2FWQ18WP04WT12_UG_en.pdf|target:_blank&#8221;][\/vc_column][vc_column width=&#8221;1\/4&#8243;][vc_single_image image=&#8221;11236&#8243; img_size=&#8221;&#8221; alignment=&#8221;center&#8221; woodmart_inline=&#8221;no&#8221; parallax_scroll=&#8221;no&#8221; css=&#8221;.vc_custom_1681776916466{margin-bottom: 0px !important;}&#8221;][vc_column_text woodmart_inline=&#8221;no&#8221; text_larger=&#8221;no&#8221; css=&#8221;.vc_custom_1681778491040{margin-bottom: 20px !important;}&#8221;]<\/p>\n<h4 style=\"text-align: center;\"><strong>Sport Watches<br \/>\nWY-16\u200b<\/strong><\/h4>\n<p>[\/vc_column_text][vc_btn title=&#8221;KULLAN\u0130C\u0130 REHBER\u0130&#8221; color=&#8221;inverse&#8221; size=&#8221;sm&#8221; align=&#8221;center&#8221; i_icon_fontawesome=&#8221;fas fa-download&#8221; add_icon=&#8221;true&#8221; link=&#8221;url:%2Fwp-content%2Fuploads%2F2023%2F04%2FWY16_UG_en.pdf|target:_blank&#8221;][\/vc_column][vc_column width=&#8221;1\/4&#8243;][vc_single_image image=&#8221;11233&#8243; img_size=&#8221;&#8221; alignment=&#8221;center&#8221; woodmart_inline=&#8221;no&#8221; parallax_scroll=&#8221;no&#8221; css=&#8221;.vc_custom_1681776944488{margin-bottom: 0px !important;}&#8221;][vc_column_text woodmart_inline=&#8221;no&#8221; text_larger=&#8221;no&#8221; css=&#8221;.vc_custom_1681778515889{margin-bottom: 20px !important;}&#8221;]<\/p>\n<h4 style=\"text-align: center;\"><strong>Qibla Watches<br \/>\nWQ-18\u200b<\/strong><\/h4>\n<p>[\/vc_column_text][vc_btn title=&#8221;KULLAN\u0130C\u0130 REHBER\u0130&#8221; color=&#8221;inverse&#8221; size=&#8221;sm&#8221; align=&#8221;center&#8221; i_icon_fontawesome=&#8221;fas fa-download&#8221; add_icon=&#8221;true&#8221; link=&#8221;url:%2Fwp-content%2Fuploads%2F2023%2F04%2FWQ18WP04WT12_UG_en.pdf|target:_blank&#8221;][\/vc_column][vc_column width=&#8221;1\/4&#8243;][vc_single_image image=&#8221;11245&#8243; img_size=&#8221;&#8221; alignment=&#8221;center&#8221; woodmart_inline=&#8221;no&#8221; parallax_scroll=&#8221;no&#8221; css=&#8221;.vc_custom_1681777473192{margin-bottom: 0px !important;}&#8221;][vc_column_text woodmart_inline=&#8221;no&#8221; text_larger=&#8221;no&#8221; css=&#8221;.vc_custom_1681778540077{margin-bottom: 20px !important;}&#8221;]<\/p>\n<h4 style=\"text-align: center;\"><strong>Elagance Watch<br \/>\nWB-32\u200b<\/strong><\/h4>\n<p>[\/vc_column_text][vc_btn title=&#8221;KULLAN\u0130C\u0130 REHBER\u0130&#8221; color=&#8221;inverse&#8221; size=&#8221;sm&#8221; align=&#8221;center&#8221; i_icon_fontawesome=&#8221;fas fa-download&#8221; add_icon=&#8221;true&#8221; link=&#8221;url:%2Fwp-content%2Fuploads%2F2023%2F04%2FWB-32_UG_EN-1.pdf|target:_blank&#8221;][\/vc_column][\/vc_row]<\/p>\n<\/div>","protected":false},"excerpt":{"rendered":"<p>[vc_row mobile_bg_img_hidden=&#8221;no&#8221; tablet_bg_img_hidden=&#8221;no&#8221; woodmart_parallax=&#8221;0&#8243; woodmart_gradient_switch=&#8221;no&#8221; row_reverse_mobile=&#8221;0&#8243; row_reverse_tablet=&#8221;0&#8243; woodmart_disable_overflow=&#8221;0&#8243;][vc_column][vc_column_text woodmart_inline=&#8221;no&#8221; text_larger=&#8221;no&#8221;] ALFAJR SAAT [\/vc_column_text][vc_single_image image=&#8221;11211&#8243; img_size=&#8221;medium&#8221; alignment=&#8221;center&#8221; woodmart_inline=&#8221;no&#8221; parallax_scroll=&#8221;no&#8221;][\/vc_column][\/vc_row][vc_row][vc_column width=&#8221;1\/4&#8243;][vc_single_image image=&#8221;11002&#8243;<\/p>\n","protected":false},"author":1,"featured_media":0,"parent":0,"menu_order":0,"comment_status":"closed","ping_status":"closed","template":"","meta":{"footnotes":""},"class_list":["post-11295","page","type-page","status-publish","hentry"],"_links":{"self":[{"href":"https:\/\/alfajrsaat.com\/tr\/wp-json\/wp\/v2\/pages\/11295","targetHints":{"allow":["GET"]}}],"collection":[{"href":"https:\/\/alfajrsaat.com\/tr\/wp-json\/wp\/v2\/pages"}],"about":[{"href":"https:\/\/alfajrsaat.com\/tr\/wp-json\/wp\/v2\/types\/page"}],"author":[{"embeddable":true,"href":"https:\/\/alfajrsaat.com\/tr\/wp-json\/wp\/v2\/users\/1"}],"replies":[{"embeddable":true,"href":"https:\/\/alfajrsaat.com\/tr\/wp-json\/wp\/v2\/comments?post=11295"}],"version-history":[{"count":4,"href":"https:\/\/alfajrsaat.com\/tr\/wp-json\/wp\/v2\/pages\/11295\/revisions"}],"predecessor-version":[{"id":11302,"href":"https:\/\/alfajrsaat.com\/tr\/wp-json\/wp\/v2\/pages\/11295\/revisions\/11302"}],"wp:attachment":[{"href":"https:\/\/alfajrsaat.com\/tr\/wp-json\/wp\/v2\/media?parent=11295"}],"curies":[{"name":"wp","href":"https:\/\/api.w.org\/{rel}","templated":true}]}}